{"id":29224,"date":"2021-04-16T18:53:07","date_gmt":"2021-04-16T21:53:07","guid":{"rendered":"https:\/\/semeandoagua.ipe.org.br\/?page_id=29224"},"modified":"2022-08-23T16:47:43","modified_gmt":"2022-08-23T19:47:43","slug":"politicas-publicas","status":"publish","type":"page","link":"https:\/\/semeandoagua.ipe.org.br\/en\/como-atuamos\/politicas-publicas\/","title":{"rendered":"Pol\u00edticas P\u00fablicas"},"content":{"rendered":"<p>[et_pb_section fb_built=&#8221;1&#8243; fullwidth=&#8221;on&#8221; _builder_version=&#8221;4.2.2&#8243; custom_margin=&#8221;0px||||false|false&#8221; custom_padding=&#8221;0px||||false|false&#8221;][et_pb_fullwidth_post_title meta=&#8221;off&#8221; featured_image=&#8221;off&#8221; _builder_version=&#8221;4.4.2&#8243; custom_margin=&#8221;30px||||false|false&#8221; custom_padding=&#8221;30px||||false|false&#8221;][\/et_pb_fullwidth_post_title][\/et_pb_section][et_pb_section fb_built=&#8221;1&#8243; admin_label=&#8221;Our Process&#8221; _builder_version=&#8221;4.4.2&#8243; width=&#8221;100%&#8221; max_width=&#8221;1080px&#8221; module_alignment=&#8221;center&#8221; custom_margin=&#8221;||0px||false|false&#8221; custom_padding=&#8221;||0px||false|false&#8221; animation_style=&#8221;fold&#8221; animation_direction=&#8221;bottom&#8221; animation_intensity_fold=&#8221;4%&#8221;][et_pb_row make_equal=&#8221;on&#8221; _builder_version=&#8221;4.4.2&#8243; background_size=&#8221;initial&#8221; background_position=&#8221;top_left&#8221; background_repeat=&#8221;repeat&#8221; width=&#8221;100%&#8221; max_width=&#8221;100%&#8221; custom_margin=&#8221;||0px||false|false&#8221; custom_padding=&#8221;||0px||false|false&#8221; use_custom_width=&#8221;on&#8221; width_unit=&#8221;off&#8221; custom_width_percent=&#8221;81%&#8221;][et_pb_column type=&#8221;4_4&#8243; _builder_version=&#8221;4.2.2&#8243; background_position=&#8221;top_left&#8221; custom_padding=&#8221;2%||2%||false|false&#8221; custom_padding__hover=&#8221;|||&#8221;][et_pb_text _builder_version=&#8221;4.4.2&#8243; custom_margin=&#8221;||0px||false|false&#8221; custom_padding=&#8221;||0px||false|false&#8221;]<\/p>\n<h4><strong><em>O tema \u00e9 transversal no Projeto Semeando \u00c1gua.<\/em> <\/strong><\/h4>\n<p>[\/et_pb_text][\/et_pb_column][\/et_pb_row][\/et_pb_section][et_pb_section fb_built=&#8221;1&#8243; admin_label=&#8221;Our Process&#8221; _builder_version=&#8221;4.4.2&#8243; width=&#8221;100%&#8221; max_width=&#8221;1080px&#8221; module_alignment=&#8221;center&#8221; custom_margin=&#8221;0px||0px||false|false&#8221; custom_padding=&#8221;||0px||false|false&#8221; animation_style=&#8221;fold&#8221; animation_direction=&#8221;bottom&#8221; animation_intensity_fold=&#8221;4%&#8221;][et_pb_row make_equal=&#8221;on&#8221; _builder_version=&#8221;4.4.2&#8243; background_size=&#8221;initial&#8221; background_position=&#8221;top_left&#8221; background_repeat=&#8221;repeat&#8221; width=&#8221;100%&#8221; max_width=&#8221;100%&#8221; custom_margin=&#8221;||0px||false|false&#8221; custom_padding=&#8221;||0px||false|false&#8221; use_custom_width=&#8221;on&#8221; width_unit=&#8221;off&#8221; custom_width_percent=&#8221;81%&#8221;][et_pb_column type=&#8221;4_4&#8243; _builder_version=&#8221;4.2.2&#8243; background_position=&#8221;top_left&#8221; custom_padding=&#8221;2%|2%|2%|2%|false|false&#8221; custom_padding__hover=&#8221;|||&#8221;][et_pb_text _builder_version=&#8221;4.4.2&#8243; custom_margin=&#8221;||0px||false|false&#8221; custom_padding=&#8221;||0px||false|false&#8221;]<\/p>\n<p>O IP\u00ca atua na regi\u00e3o do Sistema Cantareira com objetivo de alinhar desenvolvimento socioecon\u00f4mico sustent\u00e1vel \u00e0 conserva\u00e7\u00e3o dos recursos naturais. No hist\u00f3rico, projetos de apoio \u00e0 comunidade, educa\u00e7\u00e3o ambiental com escolas p\u00fablicas e restaura\u00e7\u00e3o, fazem parte dos esfor\u00e7os do Instituto pela prote\u00e7\u00e3o dos recursos h\u00eddricos. Desde 2013, por meio do Projeto Semeando \u00c1gua, o Instituto tem avan\u00e7ado na pauta da seguran\u00e7a h\u00eddrica na regi\u00e3o e para seus benefici\u00e1rios. <\/p>\n<p>O Projeto Semeando \u00c1gua visa aumentar a seguran\u00e7a h\u00eddrica do Sistema Cantareira, incluindo medidas de adapta\u00e7\u00e3o e mitiga\u00e7\u00e3o \u00e0s mudan\u00e7as clim\u00e1ticas. Nessa dire\u00e7\u00e3o, entre as principais estrat\u00e9gias est\u00e1 a ado\u00e7\u00e3o de novas tecnologias de produ\u00e7\u00e3o rural, como o Manejo de Pastagem Ecol\u00f3gica, Silvicultura de Nativas e Sistemas Agroflorestais, e a restaura\u00e7\u00e3o florestal de \u00e1reas degradadas, sobretudo APPs utilizando o conceito das Solu\u00e7\u00f5es Baseadas na Natureza.<\/p>\n<p>[\/et_pb_text][\/et_pb_column][\/et_pb_row][\/et_pb_section][et_pb_section fb_built=&#8221;1&#8243; admin_label=&#8221;Imagem inicial&#8221; _builder_version=&#8221;4.4.2&#8243; width=&#8221;100%&#8221; max_width=&#8221;1080px&#8221; module_alignment=&#8221;center&#8221; custom_margin=&#8221;0px||||false|false&#8221; custom_padding=&#8221;||||false|false&#8221; animation_style=&#8221;fold&#8221; animation_direction=&#8221;bottom&#8221; animation_intensity_fold=&#8221;4%&#8221;][et_pb_row use_custom_gutter=&#8221;on&#8221; make_equal=&#8221;on&#8221; module_class=&#8221; et_pb_row_fullwidth&#8221; _builder_version=&#8221;4.2.2&#8243; background_size=&#8221;initial&#8221; background_position=&#8221;top_left&#8221; background_repeat=&#8221;repeat&#8221; width=&#8221;100%&#8221; width_tablet=&#8221;100%&#8221; width_phone=&#8221;&#8221; width_last_edited=&#8221;on|phone&#8221; max_width=&#8221;100%&#8221; max_width_tablet=&#8221;100%&#8221; max_width_phone=&#8221;&#8221; max_width_last_edited=&#8221;on|phone&#8221; custom_margin=&#8221;0px||0px|&#8221; custom_padding=&#8221;0px||0px|&#8221; make_fullwidth=&#8221;on&#8221;][et_pb_column type=&#8221;4_4&#8243; _builder_version=&#8221;4.2.2&#8243; background_color=&#8221;#f4f4f4&#8243; background_enable_image=&#8221;off&#8221; background_position=&#8221;top_left&#8221; custom_padding=&#8221;||||false|false&#8221; custom_padding__hover=&#8221;|||&#8221;][et_pb_text _builder_version=&#8221;4.4.2&#8243; custom_margin=&#8221;1%|1%|1%|1%|false|false&#8221; custom_padding=&#8221;1%|1%|1%|1%|false|false&#8221;]<\/p>\n<p>Como forma de garantir escala a esse objetivo, beneficiando tanto quem vive na regi\u00e3o do Sistema Cantareira, como tamb\u00e9m 7,6 milh\u00f5es pessoas da regi\u00e3o metropolitana de S\u00e3o Paulo que recebem a \u00e1gua do Sistema, o Projeto conta com a frente de Pol\u00edticas P\u00fablicas e Desenvolvimento Territorial que atua em articula\u00e7\u00e3o com m\u00faltiplos atores sociais, como profissionais dos governos municipais e estaduais, al\u00e9m da iniciativa privada e de organiza\u00e7\u00f5es da sociedade civil.<\/p>\n<p>A forma\u00e7\u00e3o de uma rede de apoio intersetorial e a organiza\u00e7\u00e3o de um Plano de A\u00e7\u00e3o com diversos atores t\u00eam o potencial de instituir uma abordagem integrada da paisagem, alinhada aos mecanismos legais j\u00e1 existentes e possibilitando a constru\u00e7\u00e3o de novos instrumentos de pol\u00edticas p\u00fablicas, criando diretrizes com base na ci\u00eancia, na economia verde e na agricultura de baixo carbono adequadas \u00e0s peculiaridades da regi\u00e3o.<\/p>\n<p>[\/et_pb_text][\/et_pb_column][\/et_pb_row][et_pb_row column_structure=&#8221;1_2,1_2&#8243; use_custom_gutter=&#8221;on&#8221; make_equal=&#8221;on&#8221; module_class=&#8221; et_pb_row_fullwidth&#8221; _builder_version=&#8221;4.2.2&#8243; background_size=&#8221;initial&#8221; background_position=&#8221;top_left&#8221; background_repeat=&#8221;repeat&#8221; width=&#8221;100%&#8221; width_tablet=&#8221;100%&#8221; width_phone=&#8221;&#8221; width_last_edited=&#8221;on|phone&#8221; max_width=&#8221;100%&#8221; max_width_tablet=&#8221;100%&#8221; max_width_phone=&#8221;&#8221; max_width_last_edited=&#8221;on|phone&#8221; custom_margin=&#8221;0px||0px|&#8221; custom_padding=&#8221;0px||0px|&#8221; make_fullwidth=&#8221;on&#8221;][et_pb_column type=&#8221;1_2&#8243; _builder_version=&#8221;4.2.2&#8243; background_color=&#8221;#f4f4f4&#8243; background_enable_image=&#8221;off&#8221; background_position=&#8221;top_left&#8221; custom_padding=&#8221;2%|2%|2%|2%|false|false&#8221; custom_padding__hover=&#8221;|||&#8221;][et_pb_image src=&#8221;https:\/\/semeandoagua.ipe.org.br\/wp-content\/uploads\/2021\/04\/foto-rede-apoio-seguranca-hidrica-sistema-cantareira-2018.jpg&#8221; _builder_version=&#8221;4.4.2&#8243;][\/et_pb_image][et_pb_text _builder_version=&#8221;4.4.2&#8243; text_text_color=&#8221;#606060&#8243; text_font_size=&#8221;13px&#8221; text_line_height=&#8221;1.3em&#8221; custom_margin=&#8221;1%|1%|1%|1%|false|false&#8221; custom_padding=&#8221;1%|1%|1%|1%|false|false&#8221;]<\/p>\n<p><em>Um momento-chave na articula\u00e7\u00e3o dos diversos atores que atuam na regi\u00e3o foi o Encontro sobre os desafios e oportunidades para aumentar a seguran\u00e7a h\u00eddrica no Sistema Cantareira, realizado em 2018. <a href=\"https:\/\/semeandoagua.ipe.org.br\/projeto-semeando-agua-reune-liderancas-e-desenvolve-carta-de-compromisso-em-prol-do-sistema-cantareira\/\">Saiba como foi e os avan\u00e7os obtidos<\/a>.<\/em><\/p>\n<p>[\/et_pb_text][\/et_pb_column][et_pb_column type=&#8221;1_2&#8243; _builder_version=&#8221;4.2.2&#8243; background_color=&#8221;#f4f4f4&#8243; background_position=&#8221;top_left&#8221; custom_padding=&#8221;2%|2%|2%|2%|false|false&#8221; custom_padding__hover=&#8221;|||&#8221;][et_pb_image src=&#8221;https:\/\/semeandoagua.ipe.org.br\/wp-content\/uploads\/2021\/04\/foto-encontro-seguranca-hidrica-sistema-cantareira-2018.jpg&#8221; _builder_version=&#8221;4.4.2&#8243;][\/et_pb_image][et_pb_text _builder_version=&#8221;4.4.2&#8243; text_text_color=&#8221;#606060&#8243; text_font_size=&#8221;13px&#8221; text_line_height=&#8221;1.3em&#8221; custom_margin=&#8221;1%|1%|1%|1%|false|false&#8221; custom_padding=&#8221;1%|1%|1%|1%|false|false&#8221;]<\/p>\n<p><em>Consuelo Franco Marra, ge\u00f3loga e especialista em Recursos H\u00eddricos na Coordena\u00e7\u00e3o de Implementa\u00e7\u00e3o de Projetos Indutores da Ag\u00eancia Nacional de \u00c1guas (ANA,) em apresenta\u00e7\u00e3o no Encontro de Recursos H\u00eddricos.<\/em><\/p>\n<p>[\/et_pb_text][\/et_pb_column][\/et_pb_row][\/et_pb_section][et_pb_section fb_built=&#8221;1&#8243; admin_label=&#8221;Our Process&#8221; _builder_version=&#8221;4.2.2&#8243; width=&#8221;100%&#8221; max_width=&#8221;1080px&#8221; module_alignment=&#8221;center&#8221; custom_margin=&#8221;||10px||false|false&#8221; custom_padding=&#8221;||||false|false&#8221; animation_style=&#8221;fold&#8221; animation_direction=&#8221;bottom&#8221; animation_intensity_fold=&#8221;4%&#8221;][et_pb_row make_equal=&#8221;on&#8221; _builder_version=&#8221;4.2.2&#8243; background_size=&#8221;initial&#8221; background_position=&#8221;top_left&#8221; background_repeat=&#8221;repeat&#8221; width=&#8221;100%&#8221; max_width=&#8221;100%&#8221; custom_margin=&#8221;|||&#8221; custom_padding=&#8221;|||&#8221; use_custom_width=&#8221;on&#8221; width_unit=&#8221;off&#8221; custom_width_percent=&#8221;81%&#8221;][et_pb_column type=&#8221;4_4&#8243; _builder_version=&#8221;4.2.2&#8243; background_position=&#8221;top_left&#8221; custom_padding=&#8221;2%|2%|2%|2%|false|false&#8221; custom_padding__hover=&#8221;|||&#8221;][et_pb_text _builder_version=&#8221;4.4.2&#8243; hover_enabled=&#8221;0&#8243;]<\/p>\n<p>Diante da emerg\u00eancia clim\u00e1tica e suas consequ\u00eancias, diversos pa\u00edses e blocos econ\u00f4micos v\u00eam colocando como imprescind\u00edvel a implementa\u00e7\u00e3o de um modelo de desenvolvimento capaz de promover avan\u00e7os nas esferas ambiental, social, econ\u00f4mica, al\u00e9m de boas pr\u00e1ticas de gest\u00e3o e governan\u00e7a.<\/p>\n<p>A frente de Pol\u00edticas P\u00fablicas tamb\u00e9m busca dialogar com os governos locais sobre a necessidade de formula\u00e7\u00f5es de pol\u00edticas sob uma nova dimens\u00e3o dos investimentos, possibilitando uma recupera\u00e7\u00e3o econ\u00f4mica p\u00f3s-COVID baseada na economia regenerativa, que traz os princ\u00edpios da sustentabilidade (social, ambiental e econ\u00f4mica) alinhados \u00e0 import\u00e2ncia de a\u00e7\u00f5es com capacidade de contribuir com a regenera\u00e7\u00e3o do planeta.<\/p>\n<p><strong>Conhe\u00e7a os principais avan\u00e7os obtidos: <\/strong><\/p>\n<ul>\n<li><a href=\"https:\/\/semeandoagua.ipe.org.br\/wp-content\/uploads\/2021\/10\/CARTA-DO-SISTEMA-CANTAREIRA.pdf\" target=\"_blank\" rel=\"attachment noopener wp-att-31305 noreferrer\">CARTA DO SISTEMA CANTAREIRA<\/a>: inten\u00e7\u00f5es e a\u00e7\u00f5es para assegurar a disponibilidade h\u00eddrica de um dos sistemas mais importantes do planeta.<\/li>\n<\/ul>\n<p>O documento desenvolvido de maneira participativa est\u00e1 entre os principais resultados do <em>Encontro sobre os desafios e oportunidades para aumentar a seguran\u00e7a h\u00eddrica no Sistema Cantareira<\/em> realizado em 2018.<\/p>\n<ul>\n<li><a href=\"https:\/\/globoplay.globo.com\/v\/6848477\/\" target=\"_blank\" rel=\"noopener noreferrer\">Confira mat\u00e9ria sobre o Encontro\u00a0<\/a><\/li>\n<li>Prioriza\u00e7\u00e3o das linhas de pesquisa propostas para a regi\u00e3o do Cont\u00ednuo Cantareira<\/li>\n<li>Protocolo de Boas Pr\u00e1ticas: envolve a rela\u00e7\u00e3o pesquisador\/gestor e UC\/universidade no Sistema de \u00c1reas Protegidas do Cont\u00ednuo Cantareira<\/li>\n<\/ul>\n<p>Ambos desenvolvidos a partir de Simp\u00f3sio T\u00e9cnico-Cient\u00edfico do Continuum Cantareira, em conjunto com gestores de Unidades de Conserva\u00e7\u00e3o (UCs), pesquisadores e lideran\u00e7as que est\u00e3o articulados na Rede Cont\u00ednuo Cantareira.<br \/>O evento \u00e9 uma parceria da Funda\u00e7\u00e3o Florestal com o IP\u00ca que contou com apoio do Instituto Florestal, da ESCAS \u2013 Escola Superior de Conserva\u00e7\u00e3o Ambiental e Sustentabilidade e do Projeto Semeando \u00c1gua.<\/p>\n<p><strong>A equipe do Projeto Semeando \u00c1gua integra diversos F\u00f3runs e Conselhos, atuando e promovendo as discuss\u00f5es e constru\u00e7\u00f5es conjuntas de diretrizes e pol\u00edticas p\u00fablicas voltadas \u00e0 seguran\u00e7a h\u00eddrica, agricultura, meio ambiente, economia, clima e educa\u00e7\u00e3o ambiental.<br \/><\/strong><\/p>\n<ul>\n<li>Conselho Gestor das APAS Piracicaba\/Juqueri-Mirim \u00c1rea II, Sistema Cantareira e Represa Bairro da Usina<\/li>\n<li>COMAM &#8211; Conselho de Meio Ambiente do Munic\u00edpio de Nazar\u00e9 Paulista<\/li>\n<li>C\u00e2maras T\u00e9cnicas de Planejamento, Educa\u00e7\u00e3o Ambiental, Rural, Plano de Bacias e Recursos Naturais dos comit\u00eas das bacias hidrogr\u00e1ficas dos rios Piracicaba, Capivari e Jundia\u00ed (CBH PJC)<\/li>\n<li>Frente Parlamentar Ambientalista pela Defesa da \u00c1gua e do Saneamento de S\u00e3o Paulo, da Alesp &#8211; Assembleia Legislativa do Estado, por meio do Grupo de Trabalho sobre Florestas, Unidades de Conserva\u00e7\u00e3o e Agroecologia<\/li>\n<li>Frente Parlamentar Ambiental<\/li>\n<li>Observat\u00f3rio do Clima<\/li>\n<li>F\u00f3rum Florestal de S\u00e3o Paulo<\/li>\n<li>Coaliz\u00e3o Brasil Clima, Florestas e Agricultura<\/li>\n<li>Comiss\u00e3o Interinstitucional de Educa\u00e7\u00e3o Ambiental do estado de S\u00e3o Paulo (CIEA-SP)<\/li>\n<\/ul>\n<p>[\/et_pb_text][\/et_pb_column][\/et_pb_row][\/et_pb_section]<\/p>\n","protected":false},"excerpt":{"rendered":"<p>O tema \u00e9 transversal no Projeto Semeando \u00c1gua. O IP\u00ca atua na regi\u00e3o do Sistema Cantareira com objetivo de alinhar desenvolvimento socioecon\u00f4mico sustent\u00e1vel \u00e0 conserva\u00e7\u00e3o dos recursos naturais. No hist\u00f3rico, projetos de apoio \u00e0 comunidade, educa\u00e7\u00e3o ambiental com escolas p\u00fablicas e restaura\u00e7\u00e3o, fazem parte dos esfor\u00e7os do Instituto pela prote\u00e7\u00e3o dos recursos h\u00eddricos. Desde 2013, [&hellip;]<\/p>\n","protected":false},"author":1,"featured_media":0,"parent":323,"menu_order":4,"comment_status":"closed","ping_status":"closed","template":"","meta":{"_et_pb_use_builder":"on","_et_pb_old_content":"","_et_gb_content_width":"","footnotes":""},"class_list":["post-29224","page","type-page","status-publish","hentry"],"yoast_head":"<!-- This site is optimized with the Yoast SEO plugin v26.6 - https:\/\/yoast.com\/wordpress\/plugins\/seo\/ -->\n<title>Pol\u00edticas P\u00fablicas - Semeando \u00c1gua<\/title>\n<meta name=\"robots\" content=\"index, follow, max-snippet:-1, max-image-preview:large, max-video-preview:-1\" \/>\n<link rel=\"canonical\" href=\"https:\/\/semeandoagua.ipe.org.br\/en\/como-atuamos\/politicas-publicas\/\" \/>\n<meta property=\"og:locale\" content=\"en_US\" \/>\n<meta property=\"og:type\" content=\"article\" \/>\n<meta property=\"og:title\" content=\"Pol\u00edticas P\u00fablicas - Semeando \u00c1gua\" \/>\n<meta property=\"og:description\" content=\"O tema \u00e9 transversal no Projeto Semeando \u00c1gua. O IP\u00ca atua na regi\u00e3o do Sistema Cantareira com objetivo de alinhar desenvolvimento socioecon\u00f4mico sustent\u00e1vel \u00e0 conserva\u00e7\u00e3o dos recursos naturais. No hist\u00f3rico, projetos de apoio \u00e0 comunidade, educa\u00e7\u00e3o ambiental com escolas p\u00fablicas e restaura\u00e7\u00e3o, fazem parte dos esfor\u00e7os do Instituto pela prote\u00e7\u00e3o dos recursos h\u00eddricos. Desde 2013, [&hellip;]\" \/>\n<meta property=\"og:url\" content=\"https:\/\/semeandoagua.ipe.org.br\/en\/como-atuamos\/politicas-publicas\/\" \/>\n<meta property=\"og:site_name\" content=\"Semeando \u00c1gua\" \/>\n<meta property=\"article:publisher\" content=\"https:\/\/www.facebook.com\/ipe.instituto.pesquisas.ecologicas\" \/>\n<meta property=\"article:modified_time\" content=\"2022-08-23T19:47:43+00:00\" \/>\n<meta property=\"og:image\" content=\"https:\/\/semeandoagua.ipe.org.br\/wp-content\/uploads\/2020\/02\/ipe-projeto-semeando-agua.jpg\" \/>\n\t<meta property=\"og:image:width\" content=\"419\" \/>\n\t<meta property=\"og:image:height\" content=\"200\" \/>\n\t<meta property=\"og:image:type\" content=\"image\/jpeg\" \/>\n<meta name=\"twitter:card\" content=\"summary_large_image\" \/>\n<meta name=\"twitter:site\" content=\"@InstitutoIPE\" \/>\n<meta name=\"twitter:label1\" content=\"Est. reading time\" \/>\n\t<meta name=\"twitter:data1\" content=\"8 minutes\" \/>\n<script type=\"application\/ld+json\" class=\"yoast-schema-graph\">{\"@context\":\"https:\/\/schema.org\",\"@graph\":[{\"@type\":\"WebPage\",\"@id\":\"https:\/\/semeandoagua.ipe.org.br\/como-atuamos\/politicas-publicas\/\",\"url\":\"https:\/\/semeandoagua.ipe.org.br\/como-atuamos\/politicas-publicas\/\",\"name\":\"Pol\u00edticas P\u00fablicas - Semeando \u00c1gua\",\"isPartOf\":{\"@id\":\"https:\/\/semeandoagua.ipe.org.br\/#website\"},\"datePublished\":\"2021-04-16T21:53:07+00:00\",\"dateModified\":\"2022-08-23T19:47:43+00:00\",\"breadcrumb\":{\"@id\":\"https:\/\/semeandoagua.ipe.org.br\/como-atuamos\/politicas-publicas\/#breadcrumb\"},\"inLanguage\":\"en-US\",\"potentialAction\":[{\"@type\":\"ReadAction\",\"target\":[\"https:\/\/semeandoagua.ipe.org.br\/como-atuamos\/politicas-publicas\/\"]}]},{\"@type\":\"BreadcrumbList\",\"@id\":\"https:\/\/semeandoagua.ipe.org.br\/como-atuamos\/politicas-publicas\/#breadcrumb\",\"itemListElement\":[{\"@type\":\"ListItem\",\"position\":1,\"name\":\"In\u00edcio\",\"item\":\"https:\/\/semeandoagua.ipe.org.br\/\"},{\"@type\":\"ListItem\",\"position\":2,\"name\":\"Como atuamos\",\"item\":\"https:\/\/semeandoagua.ipe.org.br\/como-atuamos\/\"},{\"@type\":\"ListItem\",\"position\":3,\"name\":\"Pol\u00edticas P\u00fablicas\"}]},{\"@type\":\"WebSite\",\"@id\":\"https:\/\/semeandoagua.ipe.org.br\/#website\",\"url\":\"https:\/\/semeandoagua.ipe.org.br\/\",\"name\":\"Semeando \u00c1gua\",\"description\":\"A\u00e7\u00f5es do IP\u00ca no Sistema Cantareira\",\"publisher\":{\"@id\":\"https:\/\/semeandoagua.ipe.org.br\/#organization\"},\"potentialAction\":[{\"@type\":\"SearchAction\",\"target\":{\"@type\":\"EntryPoint\",\"urlTemplate\":\"https:\/\/semeandoagua.ipe.org.br\/?s={search_term_string}\"},\"query-input\":{\"@type\":\"PropertyValueSpecification\",\"valueRequired\":true,\"valueName\":\"search_term_string\"}}],\"inLanguage\":\"en-US\"},{\"@type\":\"Organization\",\"@id\":\"https:\/\/semeandoagua.ipe.org.br\/#organization\",\"name\":\"IP\u00ca \u2013 Instituto de Pesquisas Ecol\u00f3gicas\",\"url\":\"https:\/\/semeandoagua.ipe.org.br\/\",\"logo\":{\"@type\":\"ImageObject\",\"inLanguage\":\"en-US\",\"@id\":\"https:\/\/semeandoagua.ipe.org.br\/#\/schema\/logo\/image\/\",\"url\":\"https:\/\/semeandoagua.ipe.org.br\/wp-content\/uploads\/2020\/02\/ipe-projeto-semeando-agua.jpg\",\"contentUrl\":\"https:\/\/semeandoagua.ipe.org.br\/wp-content\/uploads\/2020\/02\/ipe-projeto-semeando-agua.jpg\",\"width\":419,\"height\":200,\"caption\":\"IP\u00ca \u2013 Instituto de Pesquisas Ecol\u00f3gicas\"},\"image\":{\"@id\":\"https:\/\/semeandoagua.ipe.org.br\/#\/schema\/logo\/image\/\"},\"sameAs\":[\"https:\/\/www.facebook.com\/ipe.instituto.pesquisas.ecologicas\",\"https:\/\/x.com\/InstitutoIPE\",\"https:\/\/www.instagram.com\/institutoipe\/\",\"https:\/\/www.linkedin.com\/company\/3067596\",\"https:\/\/www.youtube.com\/channel\/UCxsLeAueuL-eMIJy6qif9_g\/\"]}]}<\/script>\n<!-- \/ Yoast SEO plugin. -->","yoast_head_json":{"title":"Pol\u00edticas P\u00fablicas - Semeando \u00c1gua","robots":{"index":"index","follow":"follow","max-snippet":"max-snippet:-1","max-image-preview":"max-image-preview:large","max-video-preview":"max-video-preview:-1"},"canonical":"https:\/\/semeandoagua.ipe.org.br\/en\/como-atuamos\/politicas-publicas\/","og_locale":"en_US","og_type":"article","og_title":"Pol\u00edticas P\u00fablicas - Semeando \u00c1gua","og_description":"O tema \u00e9 transversal no Projeto Semeando \u00c1gua. O IP\u00ca atua na regi\u00e3o do Sistema Cantareira com objetivo de alinhar desenvolvimento socioecon\u00f4mico sustent\u00e1vel \u00e0 conserva\u00e7\u00e3o dos recursos naturais. No hist\u00f3rico, projetos de apoio \u00e0 comunidade, educa\u00e7\u00e3o ambiental com escolas p\u00fablicas e restaura\u00e7\u00e3o, fazem parte dos esfor\u00e7os do Instituto pela prote\u00e7\u00e3o dos recursos h\u00eddricos. Desde 2013, [&hellip;]","og_url":"https:\/\/semeandoagua.ipe.org.br\/en\/como-atuamos\/politicas-publicas\/","og_site_name":"Semeando \u00c1gua","article_publisher":"https:\/\/www.facebook.com\/ipe.instituto.pesquisas.ecologicas","article_modified_time":"2022-08-23T19:47:43+00:00","og_image":[{"width":419,"height":200,"url":"https:\/\/semeandoagua.ipe.org.br\/wp-content\/uploads\/2020\/02\/ipe-projeto-semeando-agua.jpg","type":"image\/jpeg"}],"twitter_card":"summary_large_image","twitter_site":"@InstitutoIPE","twitter_misc":{"Est. reading time":"8 minutes"},"schema":{"@context":"https:\/\/schema.org","@graph":[{"@type":"WebPage","@id":"https:\/\/semeandoagua.ipe.org.br\/como-atuamos\/politicas-publicas\/","url":"https:\/\/semeandoagua.ipe.org.br\/como-atuamos\/politicas-publicas\/","name":"Pol\u00edticas P\u00fablicas - Semeando \u00c1gua","isPartOf":{"@id":"https:\/\/semeandoagua.ipe.org.br\/#website"},"datePublished":"2021-04-16T21:53:07+00:00","dateModified":"2022-08-23T19:47:43+00:00","breadcrumb":{"@id":"https:\/\/semeandoagua.ipe.org.br\/como-atuamos\/politicas-publicas\/#breadcrumb"},"inLanguage":"en-US","potentialAction":[{"@type":"ReadAction","target":["https:\/\/semeandoagua.ipe.org.br\/como-atuamos\/politicas-publicas\/"]}]},{"@type":"BreadcrumbList","@id":"https:\/\/semeandoagua.ipe.org.br\/como-atuamos\/politicas-publicas\/#breadcrumb","itemListElement":[{"@type":"ListItem","position":1,"name":"In\u00edcio","item":"https:\/\/semeandoagua.ipe.org.br\/"},{"@type":"ListItem","position":2,"name":"Como atuamos","item":"https:\/\/semeandoagua.ipe.org.br\/como-atuamos\/"},{"@type":"ListItem","position":3,"name":"Pol\u00edticas P\u00fablicas"}]},{"@type":"WebSite","@id":"https:\/\/semeandoagua.ipe.org.br\/#website","url":"https:\/\/semeandoagua.ipe.org.br\/","name":"Semeando \u00c1gua","description":"A\u00e7\u00f5es do IP\u00ca no Sistema Cantareira","publisher":{"@id":"https:\/\/semeandoagua.ipe.org.br\/#organization"},"potentialAction":[{"@type":"SearchAction","target":{"@type":"EntryPoint","urlTemplate":"https:\/\/semeandoagua.ipe.org.br\/?s={search_term_string}"},"query-input":{"@type":"PropertyValueSpecification","valueRequired":true,"valueName":"search_term_string"}}],"inLanguage":"en-US"},{"@type":"Organization","@id":"https:\/\/semeandoagua.ipe.org.br\/#organization","name":"IP\u00ca \u2013 Instituto de Pesquisas Ecol\u00f3gicas","url":"https:\/\/semeandoagua.ipe.org.br\/","logo":{"@type":"ImageObject","inLanguage":"en-US","@id":"https:\/\/semeandoagua.ipe.org.br\/#\/schema\/logo\/image\/","url":"https:\/\/semeandoagua.ipe.org.br\/wp-content\/uploads\/2020\/02\/ipe-projeto-semeando-agua.jpg","contentUrl":"https:\/\/semeandoagua.ipe.org.br\/wp-content\/uploads\/2020\/02\/ipe-projeto-semeando-agua.jpg","width":419,"height":200,"caption":"IP\u00ca \u2013 Instituto de Pesquisas Ecol\u00f3gicas"},"image":{"@id":"https:\/\/semeandoagua.ipe.org.br\/#\/schema\/logo\/image\/"},"sameAs":["https:\/\/www.facebook.com\/ipe.instituto.pesquisas.ecologicas","https:\/\/x.com\/InstitutoIPE","https:\/\/www.instagram.com\/institutoipe\/","https:\/\/www.linkedin.com\/company\/3067596","https:\/\/www.youtube.com\/channel\/UCxsLeAueuL-eMIJy6qif9_g\/"]}]}},"_links":{"self":[{"href":"https:\/\/semeandoagua.ipe.org.br\/en\/wp-json\/wp\/v2\/pages\/29224","targetHints":{"allow":["GET"]}}],"collection":[{"href":"https:\/\/semeandoagua.ipe.org.br\/en\/wp-json\/wp\/v2\/pages"}],"about":[{"href":"https:\/\/semeandoagua.ipe.org.br\/en\/wp-json\/wp\/v2\/types\/page"}],"author":[{"embeddable":true,"href":"https:\/\/semeandoagua.ipe.org.br\/en\/wp-json\/wp\/v2\/users\/1"}],"replies":[{"embeddable":true,"href":"https:\/\/semeandoagua.ipe.org.br\/en\/wp-json\/wp\/v2\/comments?post=29224"}],"version-history":[{"count":0,"href":"https:\/\/semeandoagua.ipe.org.br\/en\/wp-json\/wp\/v2\/pages\/29224\/revisions"}],"up":[{"embeddable":true,"href":"https:\/\/semeandoagua.ipe.org.br\/en\/wp-json\/wp\/v2\/pages\/323"}],"wp:attachment":[{"href":"https:\/\/semeandoagua.ipe.org.br\/en\/wp-json\/wp\/v2\/media?parent=29224"}],"curies":[{"name":"wp","href":"https:\/\/api.w.org\/{rel}","templated":true}]}}