{"id":325,"date":"2020-02-05T16:12:23","date_gmt":"2020-02-05T19:12:23","guid":{"rendered":"https:\/\/semeandoagua.ipe.org.br\/?page_id=325"},"modified":"2020-08-07T15:50:18","modified_gmt":"2020-08-07T18:50:18","slug":"ipe","status":"publish","type":"page","link":"https:\/\/semeandoagua.ipe.org.br\/en\/ipe\/","title":{"rendered":"IP\u00ca"},"content":{"rendered":"<p>[et_pb_section fb_built=&#8221;1&#8243; fullwidth=&#8221;on&#8221; _builder_version=&#8221;4.2.2&#8243; custom_margin=&#8221;0px||||false|false&#8221; custom_padding=&#8221;0px||||false|false&#8221;][et_pb_fullwidth_post_title meta=&#8221;off&#8221; featured_image=&#8221;off&#8221; _builder_version=&#8221;4.2.2&#8243; custom_margin=&#8221;30px||||false|false&#8221; custom_padding=&#8221;30px||||false|false&#8221;][\/et_pb_fullwidth_post_title][\/et_pb_section][et_pb_section fb_built=&#8221;1&#8243; admin_label=&#8221;Imagem inicial&#8221; _builder_version=&#8221;4.2.2&#8243; width=&#8221;100%&#8221; max_width=&#8221;1080px&#8221; module_alignment=&#8221;center&#8221; custom_margin=&#8221;40px||||false|false&#8221; custom_padding=&#8221;||||false|false&#8221; animation_style=&#8221;fold&#8221; animation_direction=&#8221;bottom&#8221; animation_intensity_fold=&#8221;4%&#8221;][et_pb_row column_structure=&#8221;2_5,3_5&#8243; use_custom_gutter=&#8221;on&#8221; make_equal=&#8221;on&#8221; module_class=&#8221; et_pb_row_fullwidth&#8221; _builder_version=&#8221;4.2.2&#8243; background_size=&#8221;initial&#8221; background_position=&#8221;top_left&#8221; background_repeat=&#8221;repeat&#8221; width=&#8221;100%&#8221; width_tablet=&#8221;100%&#8221; width_phone=&#8221;&#8221; width_last_edited=&#8221;on|phone&#8221; max_width=&#8221;100%&#8221; max_width_tablet=&#8221;100%&#8221; max_width_phone=&#8221;&#8221; max_width_last_edited=&#8221;on|phone&#8221; custom_margin=&#8221;0px||0px|&#8221; custom_padding=&#8221;0px||0px|&#8221; make_fullwidth=&#8221;on&#8221;][et_pb_column type=&#8221;2_5&#8243; _builder_version=&#8221;4.2.2&#8243; background_color=&#8221;#f4f4f4&#8243; background_enable_image=&#8221;off&#8221; background_position=&#8221;top_left&#8221; custom_padding=&#8221;||||false|false&#8221; custom_padding__hover=&#8221;|||&#8221;][et_pb_image src=&#8221;https:\/\/semeandoagua.ipe.org.br\/wp-content\/uploads\/2020\/02\/logo-ipe-1.png&#8221; _builder_version=&#8221;4.2.2&#8243; custom_margin=&#8221;2%||||false|false&#8221; custom_padding=&#8221;2%||||false|false&#8221;][\/et_pb_image][\/et_pb_column][et_pb_column type=&#8221;3_5&#8243; _builder_version=&#8221;4.2.2&#8243; background_color=&#8221;#f4f4f4&#8243; background_position=&#8221;top_left&#8221; custom_padding=&#8221;2%|2%|2%|2%|false|false&#8221; custom_padding__hover=&#8221;|||&#8221;][et_pb_divider color=&#8221;#005B31&#8243; divider_weight=&#8221;3px&#8221; disabled_on=&#8221;off|off|off&#8221; _builder_version=&#8221;4.2.2&#8243; background_color_gradient_direction=&#8221;90deg&#8221; max_width=&#8221;100px&#8221; module_alignment=&#8221;left&#8221; height=&#8221;5px&#8221; custom_margin=&#8221;||20px|&#8221; custom_padding=&#8221;||20px|&#8221; animation_style=&#8221;slide&#8221; animation_direction=&#8221;bottom&#8221; saved_tabs=&#8221;all&#8221; locked=&#8221;off&#8221;][\/et_pb_divider][et_pb_text _builder_version=&#8221;4.2.2&#8243;]<\/p>\n<p>O\u00a0<strong><a href=\"https:\/\/www.ipe.org.br\/\" target=\"_blank\" rel=\"noopener noreferrer\">IP\u00ca\u00a0&#8211; Instituto de Pesquisas Ecol\u00f3gicas<\/a><\/strong> \u00e9\u00a0uma organiza\u00e7\u00e3o\u00a0brasileira sem fins lucrativos que trabalha pela conserva\u00e7\u00e3o\u00a0da biodiversidade do pa\u00eds, por meio de ci\u00eancia, educa\u00e7\u00e3o\u00a0e neg\u00f3cios sustent\u00e1veis.\u00a0Fundado em 1992, tem sede em Nazar\u00e9\u00a0Paulista (S\u00e3o\u00a0Paulo), onde tamb\u00e9m fica\u00a0o\u00a0seu\u00a0centro de educa\u00e7\u00e3o, a ESCAS &#8211; Escola Superior de Conserva\u00e7\u00e3o\u00a0Ambiental e Sustentabilidade.<\/p>\n<p>[\/et_pb_text][\/et_pb_column][\/et_pb_row][\/et_pb_section][et_pb_section fb_built=&#8221;1&#8243; admin_label=&#8221;Our Process&#8221; _builder_version=&#8221;4.2.2&#8243; width=&#8221;100%&#8221; max_width=&#8221;1080px&#8221; module_alignment=&#8221;center&#8221; custom_margin=&#8221;||40px||false|false&#8221; custom_padding=&#8221;||||false|false&#8221; animation_style=&#8221;fold&#8221; animation_direction=&#8221;bottom&#8221; animation_intensity_fold=&#8221;4%&#8221;][et_pb_row make_equal=&#8221;on&#8221; _builder_version=&#8221;4.2.2&#8243; background_size=&#8221;initial&#8221; background_position=&#8221;top_left&#8221; background_repeat=&#8221;repeat&#8221; width=&#8221;100%&#8221; max_width=&#8221;100%&#8221; custom_margin=&#8221;|||&#8221; custom_padding=&#8221;|||&#8221; use_custom_width=&#8221;on&#8221; width_unit=&#8221;off&#8221; custom_width_percent=&#8221;81%&#8221;][et_pb_column type=&#8221;4_4&#8243; _builder_version=&#8221;4.2.2&#8243; background_position=&#8221;top_left&#8221; custom_padding=&#8221;2%|2%|2%|2%|false|false&#8221; custom_padding__hover=&#8221;|||&#8221;][et_pb_text _builder_version=&#8221;4.2.2&#8243;]<\/p>\n<p>Presente nos biomas Mata Atl\u00e2ntica, Amaz\u00f4nia, Pantanal e Cerrado, o Instituto\u00a0realiza\u00a0cerca de 30 projetos ao ano,\u00a0aplicando\u00a0o Modelo IP\u00ca de Conserva\u00e7\u00e3o, que envolve pesquisa cient\u00edfica de esp\u00e9cies, educa\u00e7\u00e3o\u00a0ambiental, envolvimento e mobiliza\u00e7\u00e3o comunit\u00e1ria, conserva\u00e7\u00e3o de <em>habitats<\/em> e da paisagem e apoio \u00e0 constru\u00e7\u00e3o\u00a0de pol\u00edticas p\u00fablicas. Al\u00e9m de projetos locais, o Instituto tamb\u00e9m\u00a0implementa\u00a0trabalhos em diversas regi\u00f5es, seguindo os temas \u00c1reas Protegidas, \u00c1reas Urbanas e Pesquisa &amp; Desenvolvimento (Capital Natural e Biodiversidade).<\/p>\n<p>O IP\u00ca \u00e9 respons\u00e1vel pelo plantio de mais de 3 milh\u00f5es de \u00e1rvores na Mata Atl\u00e2ntica, contribui diretamente para a conserva\u00e7\u00e3o de seis esp\u00e9cies de fauna, realiza educa\u00e7\u00e3o ambiental e capacita\u00e7\u00e3o para 10 mil pessoas por ano, em m\u00e9dia. Os projetos beneficiam 200 fam\u00edlias com a\u00e7\u00f5es sustent\u00e1veis e conhecimento sobre conserva\u00e7\u00e3o ambiental.<\/p>\n<p>Para o desenvolvimento dos projetos socioambientais, a organiza\u00e7\u00e3o conta com parceiros de todos os setores e trabalha como articulador em frentes que promovem o engajamento e o fortalecimento m\u00fatuo entre organiza\u00e7\u00f5es socioambientais, iniciativa privada e institui\u00e7\u00f5es governamentais.<\/p>\n<p>[\/et_pb_text][et_pb_button button_url=&#8221;https:\/\/www.ipe.org.br\/&#8221; url_new_window=&#8221;on&#8221; button_text=&#8221;Visite o site do IP\u00ca&#8221; admin_label=&#8221;Bot\u00e3o Visite o site do IP\u00ca&#8221; _builder_version=&#8221;4.2.2&#8243;][\/et_pb_button][et_pb_text disabled_on=&#8221;on|on|on&#8221; admin_label=&#8221;Texto Siga o IP\u00ca nas redes sociais&#8221; _builder_version=&#8221;4.2.2&#8243; disabled=&#8221;on&#8221;]<\/p>\n<h4><strong>Siga o IP\u00ca nas redes sociais<\/strong><\/h4>\n<p>[\/et_pb_text][\/et_pb_column][\/et_pb_row][et_pb_row column_structure=&#8221;1_6,1_6,1_6,1_6,1_6,1_6&#8243; make_equal=&#8221;on&#8221; disabled_on=&#8221;on|on|on&#8221; _builder_version=&#8221;4.2.2&#8243; background_size=&#8221;initial&#8221; background_position=&#8221;top_left&#8221; background_repeat=&#8221;repeat&#8221; width=&#8221;50%&#8221; max_width=&#8221;50%&#8221; module_alignment=&#8221;left&#8221; custom_margin=&#8221;|||&#8221; custom_padding=&#8221;|||&#8221; use_custom_width=&#8221;on&#8221; width_unit=&#8221;off&#8221; custom_width_percent=&#8221;81%&#8221; disabled=&#8221;on&#8221;][et_pb_column type=&#8221;1_6&#8243; _builder_version=&#8221;4.2.2&#8243; background_position=&#8221;top_left&#8221; custom_padding=&#8221;2%|2%|2%|2%|false|false&#8221; custom_padding__hover=&#8221;|||&#8221;][et_pb_blurb use_icon=&#8221;on&#8221; font_icon=&#8221;%%291%%&#8221; use_icon_font_size=&#8221;on&#8221; icon_font_size=&#8221;40px&#8221; admin_label=&#8221;Facebook&#8221; _builder_version=&#8221;4.2.2&#8243; link_option_url=&#8221;https:\/\/www.facebook.com\/ipe.instituto.pesquisas.ecologicas&#8221; link_option_url_new_window=&#8221;on&#8221;][\/et_pb_blurb][\/et_pb_column][et_pb_column type=&#8221;1_6&#8243; _builder_version=&#8221;4.2.2&#8243; background_position=&#8221;top_left&#8221; custom_padding=&#8221;2%|2%|2%|2%|false|false&#8221; custom_padding__hover=&#8221;|||&#8221;][et_pb_blurb use_icon=&#8221;on&#8221; font_icon=&#8221;%%292%%&#8221; use_icon_font_size=&#8221;on&#8221; icon_font_size=&#8221;40px&#8221; admin_label=&#8221;Twitter&#8221; _builder_version=&#8221;4.2.2&#8243; link_option_url=&#8221;https:\/\/twitter.com\/institutoipe&#8221; link_option_url_new_window=&#8221;on&#8221;][\/et_pb_blurb][\/et_pb_column][et_pb_column type=&#8221;1_6&#8243; _builder_version=&#8221;4.2.2&#8243; background_position=&#8221;top_left&#8221; custom_padding=&#8221;2%|2%|2%|2%|false|false&#8221; custom_padding__hover=&#8221;|||&#8221;][et_pb_blurb use_icon=&#8221;on&#8221; font_icon=&#8221;%%298%%&#8221; use_icon_font_size=&#8221;on&#8221; icon_font_size=&#8221;40px&#8221; admin_label=&#8221;Instagram&#8221; _builder_version=&#8221;4.2.2&#8243; link_option_url=&#8221;https:\/\/www.instagram.com\/institutoipe\/&#8221; link_option_url_new_window=&#8221;on&#8221;][\/et_pb_blurb][\/et_pb_column][et_pb_column type=&#8221;1_6&#8243; _builder_version=&#8221;4.2.2&#8243; background_position=&#8221;top_left&#8221; custom_padding=&#8221;2%|2%|2%|2%|false|false&#8221; custom_padding__hover=&#8221;|||&#8221;][\/et_pb_column][et_pb_column type=&#8221;1_6&#8243; _builder_version=&#8221;4.2.2&#8243; background_position=&#8221;top_left&#8221; custom_padding=&#8221;2%|2%|2%|2%|false|false&#8221; custom_padding__hover=&#8221;|||&#8221;][\/et_pb_column][et_pb_column type=&#8221;1_6&#8243; _builder_version=&#8221;4.2.2&#8243; background_position=&#8221;top_left&#8221; custom_padding=&#8221;2%|2%|2%|2%|false|false&#8221; custom_padding__hover=&#8221;|||&#8221;][\/et_pb_column][\/et_pb_row][et_pb_row make_equal=&#8221;on&#8221; _builder_version=&#8221;4.2.2&#8243; background_size=&#8221;initial&#8221; background_position=&#8221;top_left&#8221; background_repeat=&#8221;repeat&#8221; width=&#8221;100%&#8221; max_width=&#8221;100%&#8221; custom_margin=&#8221;|||&#8221; custom_padding=&#8221;|||&#8221; use_custom_width=&#8221;on&#8221; width_unit=&#8221;off&#8221; custom_width_percent=&#8221;81%&#8221;][et_pb_column type=&#8221;4_4&#8243; _builder_version=&#8221;4.2.2&#8243; background_position=&#8221;top_left&#8221; custom_padding=&#8221;2%|2%|2%|2%|false|false&#8221; custom_padding__hover=&#8221;|||&#8221;][et_pb_image src=&#8221;https:\/\/semeandoagua.ipe.org.br\/wp-content\/uploads\/2020\/02\/loja-ipe.jpg&#8221; url=&#8221;http:\/\/www.lojadoipe.org.br\/&#8221; url_new_window=&#8221;on&#8221; admin_label=&#8221;Banner Conhe\u00e7a os produtos da loja do IP\u00ca&#8221; _builder_version=&#8221;4.2.2&#8243;][\/et_pb_image][\/et_pb_column][\/et_pb_row][\/et_pb_section]<\/p>\n","protected":false},"excerpt":{"rendered":"<p>O\u00a0IP\u00ca\u00a0&#8211; Instituto de Pesquisas Ecol\u00f3gicas \u00e9\u00a0uma organiza\u00e7\u00e3o\u00a0brasileira sem fins lucrativos que trabalha pela conserva\u00e7\u00e3o\u00a0da biodiversidade do pa\u00eds, por meio de ci\u00eancia, educa\u00e7\u00e3o\u00a0e neg\u00f3cios sustent\u00e1veis.\u00a0Fundado em 1992, tem sede em Nazar\u00e9\u00a0Paulista (S\u00e3o\u00a0Paulo), onde tamb\u00e9m fica\u00a0o\u00a0seu\u00a0centro de educa\u00e7\u00e3o, a ESCAS &#8211; Escola Superior de Conserva\u00e7\u00e3o\u00a0Ambiental e Sustentabilidade.Presente nos biomas Mata Atl\u00e2ntica, Amaz\u00f4nia, Pantanal e Cerrado, o Instituto\u00a0realiza\u00a0cerca [&hellip;]<\/p>\n","protected":false},"author":1,"featured_media":0,"parent":0,"menu_order":5,"comment_status":"closed","ping_status":"closed","template":"","meta":{"_et_pb_use_builder":"on","_et_pb_old_content":"","_et_gb_content_width":"","footnotes":""},"class_list":["post-325","page","type-page","status-publish","hentry"],"yoast_head":"<!-- This site is optimized with the Yoast SEO plugin v26.6 - https:\/\/yoast.com\/wordpress\/plugins\/seo\/ -->\n<title>IP\u00ca - Semeando \u00c1gua<\/title>\n<meta name=\"robots\" content=\"index, follow, max-snippet:-1, max-image-preview:large, max-video-preview:-1\" \/>\n<link rel=\"canonical\" href=\"https:\/\/semeandoagua.ipe.org.br\/en\/ipe\/\" \/>\n<meta property=\"og:locale\" content=\"en_US\" \/>\n<meta property=\"og:type\" content=\"article\" \/>\n<meta property=\"og:title\" content=\"IP\u00ca - Semeando \u00c1gua\" \/>\n<meta property=\"og:description\" content=\"O\u00a0IP\u00ca\u00a0- Instituto de Pesquisas Ecol\u00f3gicas \u00e9\u00a0uma organiza\u00e7\u00e3o\u00a0brasileira sem fins lucrativos que trabalha pela conserva\u00e7\u00e3o\u00a0da biodiversidade do pa\u00eds, por meio de ci\u00eancia, educa\u00e7\u00e3o\u00a0e neg\u00f3cios sustent\u00e1veis.\u00a0Fundado em 1992, tem sede em Nazar\u00e9\u00a0Paulista (S\u00e3o\u00a0Paulo), onde tamb\u00e9m fica\u00a0o\u00a0seu\u00a0centro de educa\u00e7\u00e3o, a ESCAS - Escola Superior de Conserva\u00e7\u00e3o\u00a0Ambiental e Sustentabilidade.Presente nos biomas Mata Atl\u00e2ntica, Amaz\u00f4nia, Pantanal e Cerrado, o Instituto\u00a0realiza\u00a0cerca [&hellip;]\" \/>\n<meta property=\"og:url\" content=\"https:\/\/semeandoagua.ipe.org.br\/en\/ipe\/\" \/>\n<meta property=\"og:site_name\" content=\"Semeando \u00c1gua\" \/>\n<meta property=\"article:publisher\" content=\"https:\/\/www.facebook.com\/ipe.instituto.pesquisas.ecologicas\" \/>\n<meta property=\"article:modified_time\" content=\"2020-08-07T18:50:18+00:00\" \/>\n<meta property=\"og:image\" content=\"https:\/\/semeandoagua.ipe.org.br\/wp-content\/uploads\/2020\/02\/ipe-projeto-semeando-agua.jpg\" \/>\n\t<meta property=\"og:image:width\" content=\"419\" \/>\n\t<meta property=\"og:image:height\" content=\"200\" \/>\n\t<meta property=\"og:image:type\" content=\"image\/jpeg\" \/>\n<meta name=\"twitter:card\" content=\"summary_large_image\" \/>\n<meta name=\"twitter:site\" content=\"@InstitutoIPE\" \/>\n<meta name=\"twitter:label1\" content=\"Est. reading time\" \/>\n\t<meta name=\"twitter:data1\" content=\"6 minutes\" \/>\n<script type=\"application\/ld+json\" class=\"yoast-schema-graph\">{\"@context\":\"https:\/\/schema.org\",\"@graph\":[{\"@type\":\"WebPage\",\"@id\":\"https:\/\/semeandoagua.ipe.org.br\/ipe\/\",\"url\":\"https:\/\/semeandoagua.ipe.org.br\/ipe\/\",\"name\":\"IP\u00ca - Semeando \u00c1gua\",\"isPartOf\":{\"@id\":\"https:\/\/semeandoagua.ipe.org.br\/#website\"},\"datePublished\":\"2020-02-05T19:12:23+00:00\",\"dateModified\":\"2020-08-07T18:50:18+00:00\",\"breadcrumb\":{\"@id\":\"https:\/\/semeandoagua.ipe.org.br\/ipe\/#breadcrumb\"},\"inLanguage\":\"en-US\",\"potentialAction\":[{\"@type\":\"ReadAction\",\"target\":[\"https:\/\/semeandoagua.ipe.org.br\/ipe\/\"]}]},{\"@type\":\"BreadcrumbList\",\"@id\":\"https:\/\/semeandoagua.ipe.org.br\/ipe\/#breadcrumb\",\"itemListElement\":[{\"@type\":\"ListItem\",\"position\":1,\"name\":\"In\u00edcio\",\"item\":\"https:\/\/semeandoagua.ipe.org.br\/\"},{\"@type\":\"ListItem\",\"position\":2,\"name\":\"IP\u00ca\"}]},{\"@type\":\"WebSite\",\"@id\":\"https:\/\/semeandoagua.ipe.org.br\/#website\",\"url\":\"https:\/\/semeandoagua.ipe.org.br\/\",\"name\":\"Semeando \u00c1gua\",\"description\":\"A\u00e7\u00f5es do IP\u00ca no Sistema Cantareira\",\"publisher\":{\"@id\":\"https:\/\/semeandoagua.ipe.org.br\/#organization\"},\"potentialAction\":[{\"@type\":\"SearchAction\",\"target\":{\"@type\":\"EntryPoint\",\"urlTemplate\":\"https:\/\/semeandoagua.ipe.org.br\/?s={search_term_string}\"},\"query-input\":{\"@type\":\"PropertyValueSpecification\",\"valueRequired\":true,\"valueName\":\"search_term_string\"}}],\"inLanguage\":\"en-US\"},{\"@type\":\"Organization\",\"@id\":\"https:\/\/semeandoagua.ipe.org.br\/#organization\",\"name\":\"IP\u00ca \u2013 Instituto de Pesquisas Ecol\u00f3gicas\",\"url\":\"https:\/\/semeandoagua.ipe.org.br\/\",\"logo\":{\"@type\":\"ImageObject\",\"inLanguage\":\"en-US\",\"@id\":\"https:\/\/semeandoagua.ipe.org.br\/#\/schema\/logo\/image\/\",\"url\":\"https:\/\/semeandoagua.ipe.org.br\/wp-content\/uploads\/2020\/02\/ipe-projeto-semeando-agua.jpg\",\"contentUrl\":\"https:\/\/semeandoagua.ipe.org.br\/wp-content\/uploads\/2020\/02\/ipe-projeto-semeando-agua.jpg\",\"width\":419,\"height\":200,\"caption\":\"IP\u00ca \u2013 Instituto de Pesquisas Ecol\u00f3gicas\"},\"image\":{\"@id\":\"https:\/\/semeandoagua.ipe.org.br\/#\/schema\/logo\/image\/\"},\"sameAs\":[\"https:\/\/www.facebook.com\/ipe.instituto.pesquisas.ecologicas\",\"https:\/\/x.com\/InstitutoIPE\",\"https:\/\/www.instagram.com\/institutoipe\/\",\"https:\/\/www.linkedin.com\/company\/3067596\",\"https:\/\/www.youtube.com\/channel\/UCxsLeAueuL-eMIJy6qif9_g\/\"]}]}<\/script>\n<!-- \/ Yoast SEO plugin. -->","yoast_head_json":{"title":"IP\u00ca - Semeando \u00c1gua","robots":{"index":"index","follow":"follow","max-snippet":"max-snippet:-1","max-image-preview":"max-image-preview:large","max-video-preview":"max-video-preview:-1"},"canonical":"https:\/\/semeandoagua.ipe.org.br\/en\/ipe\/","og_locale":"en_US","og_type":"article","og_title":"IP\u00ca - Semeando \u00c1gua","og_description":"O\u00a0IP\u00ca\u00a0- Instituto de Pesquisas Ecol\u00f3gicas \u00e9\u00a0uma organiza\u00e7\u00e3o\u00a0brasileira sem fins lucrativos que trabalha pela conserva\u00e7\u00e3o\u00a0da biodiversidade do pa\u00eds, por meio de ci\u00eancia, educa\u00e7\u00e3o\u00a0e neg\u00f3cios sustent\u00e1veis.\u00a0Fundado em 1992, tem sede em Nazar\u00e9\u00a0Paulista (S\u00e3o\u00a0Paulo), onde tamb\u00e9m fica\u00a0o\u00a0seu\u00a0centro de educa\u00e7\u00e3o, a ESCAS - Escola Superior de Conserva\u00e7\u00e3o\u00a0Ambiental e Sustentabilidade.Presente nos biomas Mata Atl\u00e2ntica, Amaz\u00f4nia, Pantanal e Cerrado, o Instituto\u00a0realiza\u00a0cerca [&hellip;]","og_url":"https:\/\/semeandoagua.ipe.org.br\/en\/ipe\/","og_site_name":"Semeando \u00c1gua","article_publisher":"https:\/\/www.facebook.com\/ipe.instituto.pesquisas.ecologicas","article_modified_time":"2020-08-07T18:50:18+00:00","og_image":[{"width":419,"height":200,"url":"https:\/\/semeandoagua.ipe.org.br\/wp-content\/uploads\/2020\/02\/ipe-projeto-semeando-agua.jpg","type":"image\/jpeg"}],"twitter_card":"summary_large_image","twitter_site":"@InstitutoIPE","twitter_misc":{"Est. reading time":"6 minutes"},"schema":{"@context":"https:\/\/schema.org","@graph":[{"@type":"WebPage","@id":"https:\/\/semeandoagua.ipe.org.br\/ipe\/","url":"https:\/\/semeandoagua.ipe.org.br\/ipe\/","name":"IP\u00ca - Semeando \u00c1gua","isPartOf":{"@id":"https:\/\/semeandoagua.ipe.org.br\/#website"},"datePublished":"2020-02-05T19:12:23+00:00","dateModified":"2020-08-07T18:50:18+00:00","breadcrumb":{"@id":"https:\/\/semeandoagua.ipe.org.br\/ipe\/#breadcrumb"},"inLanguage":"en-US","potentialAction":[{"@type":"ReadAction","target":["https:\/\/semeandoagua.ipe.org.br\/ipe\/"]}]},{"@type":"BreadcrumbList","@id":"https:\/\/semeandoagua.ipe.org.br\/ipe\/#breadcrumb","itemListElement":[{"@type":"ListItem","position":1,"name":"In\u00edcio","item":"https:\/\/semeandoagua.ipe.org.br\/"},{"@type":"ListItem","position":2,"name":"IP\u00ca"}]},{"@type":"WebSite","@id":"https:\/\/semeandoagua.ipe.org.br\/#website","url":"https:\/\/semeandoagua.ipe.org.br\/","name":"Semeando \u00c1gua","description":"A\u00e7\u00f5es do IP\u00ca no Sistema Cantareira","publisher":{"@id":"https:\/\/semeandoagua.ipe.org.br\/#organization"},"potentialAction":[{"@type":"SearchAction","target":{"@type":"EntryPoint","urlTemplate":"https:\/\/semeandoagua.ipe.org.br\/?s={search_term_string}"},"query-input":{"@type":"PropertyValueSpecification","valueRequired":true,"valueName":"search_term_string"}}],"inLanguage":"en-US"},{"@type":"Organization","@id":"https:\/\/semeandoagua.ipe.org.br\/#organization","name":"IP\u00ca \u2013 Instituto de Pesquisas Ecol\u00f3gicas","url":"https:\/\/semeandoagua.ipe.org.br\/","logo":{"@type":"ImageObject","inLanguage":"en-US","@id":"https:\/\/semeandoagua.ipe.org.br\/#\/schema\/logo\/image\/","url":"https:\/\/semeandoagua.ipe.org.br\/wp-content\/uploads\/2020\/02\/ipe-projeto-semeando-agua.jpg","contentUrl":"https:\/\/semeandoagua.ipe.org.br\/wp-content\/uploads\/2020\/02\/ipe-projeto-semeando-agua.jpg","width":419,"height":200,"caption":"IP\u00ca \u2013 Instituto de Pesquisas Ecol\u00f3gicas"},"image":{"@id":"https:\/\/semeandoagua.ipe.org.br\/#\/schema\/logo\/image\/"},"sameAs":["https:\/\/www.facebook.com\/ipe.instituto.pesquisas.ecologicas","https:\/\/x.com\/InstitutoIPE","https:\/\/www.instagram.com\/institutoipe\/","https:\/\/www.linkedin.com\/company\/3067596","https:\/\/www.youtube.com\/channel\/UCxsLeAueuL-eMIJy6qif9_g\/"]}]}},"_links":{"self":[{"href":"https:\/\/semeandoagua.ipe.org.br\/en\/wp-json\/wp\/v2\/pages\/325","targetHints":{"allow":["GET"]}}],"collection":[{"href":"https:\/\/semeandoagua.ipe.org.br\/en\/wp-json\/wp\/v2\/pages"}],"about":[{"href":"https:\/\/semeandoagua.ipe.org.br\/en\/wp-json\/wp\/v2\/types\/page"}],"author":[{"embeddable":true,"href":"https:\/\/semeandoagua.ipe.org.br\/en\/wp-json\/wp\/v2\/users\/1"}],"replies":[{"embeddable":true,"href":"https:\/\/semeandoagua.ipe.org.br\/en\/wp-json\/wp\/v2\/comments?post=325"}],"version-history":[{"count":0,"href":"https:\/\/semeandoagua.ipe.org.br\/en\/wp-json\/wp\/v2\/pages\/325\/revisions"}],"wp:attachment":[{"href":"https:\/\/semeandoagua.ipe.org.br\/en\/wp-json\/wp\/v2\/media?parent=325"}],"curies":[{"name":"wp","href":"https:\/\/api.w.org\/{rel}","templated":true}]}}