{"id":333,"date":"2020-02-05T16:31:47","date_gmt":"2020-02-05T19:31:47","guid":{"rendered":"https:\/\/semeandoagua.ipe.org.br\/?page_id=333"},"modified":"2020-02-18T19:20:23","modified_gmt":"2020-02-18T22:20:23","slug":"restauracao-florestal","status":"publish","type":"page","link":"https:\/\/semeandoagua.ipe.org.br\/en\/como-atuamos\/restauracao-florestal\/","title":{"rendered":"Restaura\u00e7\u00e3o Florestal"},"content":{"rendered":"<p>[et_pb_section fb_built=&#8221;1&#8243; fullwidth=&#8221;on&#8221; _builder_version=&#8221;4.2.2&#8243; custom_margin=&#8221;0px||||false|false&#8221; custom_padding=&#8221;0px||||false|false&#8221;][et_pb_fullwidth_post_title meta=&#8221;off&#8221; featured_image=&#8221;off&#8221; _builder_version=&#8221;4.2.2&#8243; custom_margin=&#8221;30px||||false|false&#8221; custom_padding=&#8221;30px||||false|false&#8221;][\/et_pb_fullwidth_post_title][\/et_pb_section][et_pb_section fb_built=&#8221;1&#8243; admin_label=&#8221;Our Process&#8221; _builder_version=&#8221;4.2.2&#8243; width=&#8221;100%&#8221; max_width=&#8221;1080px&#8221; module_alignment=&#8221;center&#8221; custom_margin=&#8221;||40px||false|false&#8221; custom_padding=&#8221;||||false|false&#8221; animation_style=&#8221;fold&#8221; animation_direction=&#8221;bottom&#8221; animation_intensity_fold=&#8221;4%&#8221;][et_pb_row make_equal=&#8221;on&#8221; _builder_version=&#8221;4.2.2&#8243; background_size=&#8221;initial&#8221; background_position=&#8221;top_left&#8221; background_repeat=&#8221;repeat&#8221; width=&#8221;100%&#8221; max_width=&#8221;100%&#8221; custom_margin=&#8221;|||&#8221; custom_padding=&#8221;|||&#8221; use_custom_width=&#8221;on&#8221; width_unit=&#8221;off&#8221; custom_width_percent=&#8221;81%&#8221;][et_pb_column type=&#8221;4_4&#8243; _builder_version=&#8221;4.2.2&#8243; background_position=&#8221;top_left&#8221; custom_padding=&#8221;2%||2%||false|false&#8221; custom_padding__hover=&#8221;|||&#8221;][et_pb_text _builder_version=&#8221;4.2.2&#8243;]<\/p>\n<h4><strong>Plantio de \u00e1rvores \u00e9 essencial para a conserva\u00e7\u00e3o do Sistema Cantareira<br \/><\/strong><\/h4>\n<p>[\/et_pb_text][\/et_pb_column][\/et_pb_row][\/et_pb_section][et_pb_section fb_built=&#8221;1&#8243; admin_label=&#8221;Imagem inicial&#8221; _builder_version=&#8221;4.2.2&#8243; width=&#8221;100%&#8221; max_width=&#8221;1080px&#8221; module_alignment=&#8221;center&#8221; custom_margin=&#8221;40px||||false|false&#8221; custom_padding=&#8221;||||false|false&#8221; animation_style=&#8221;fold&#8221; animation_direction=&#8221;bottom&#8221; animation_intensity_fold=&#8221;4%&#8221;][et_pb_row column_structure=&#8221;1_2,1_2&#8243; use_custom_gutter=&#8221;on&#8221; make_equal=&#8221;on&#8221; module_class=&#8221; et_pb_row_fullwidth&#8221; _builder_version=&#8221;4.2.2&#8243; background_size=&#8221;initial&#8221; background_position=&#8221;top_left&#8221; background_repeat=&#8221;repeat&#8221; width=&#8221;100%&#8221; width_tablet=&#8221;100%&#8221; width_phone=&#8221;&#8221; width_last_edited=&#8221;on|phone&#8221; max_width=&#8221;100%&#8221; max_width_tablet=&#8221;100%&#8221; max_width_phone=&#8221;&#8221; max_width_last_edited=&#8221;on|phone&#8221; custom_margin=&#8221;0px||0px|&#8221; custom_padding=&#8221;0px||0px|&#8221; make_fullwidth=&#8221;on&#8221;][et_pb_column type=&#8221;1_2&#8243; _builder_version=&#8221;4.2.2&#8243; background_color=&#8221;#f4f4f4&#8243; background_enable_image=&#8221;off&#8221; background_position=&#8221;top_left&#8221; custom_padding=&#8221;||||false|false&#8221; custom_padding__hover=&#8221;|||&#8221;][et_pb_image src=&#8221;https:\/\/semeandoagua.ipe.org.br\/wp-content\/uploads\/2020\/02\/restauracao-florestal.jpg&#8221; _builder_version=&#8221;4.2.2&#8243;][\/et_pb_image][et_pb_text _builder_version=&#8221;4.2.2&#8243; text_text_color=&#8221;#606060&#8243; text_font_size=&#8221;13px&#8221; text_line_height=&#8221;1.3em&#8221; custom_margin=&#8221;1%|1%|1%|1%|false|false&#8221; custom_padding=&#8221;1%|1%|1%|1%|false|false&#8221;]<\/p>\n<p><em>Produtores rurais visitam \u00e1rea reflorestada pr\u00f3xima \u00e0 nascente em propriedade rural de Piracaia (SP)<br \/><\/em><em>Cr\u00e9dito: Cibele Quirino\/ Projeto Semeando \u00c1gua <\/em><\/p>\n<p>[\/et_pb_text][\/et_pb_column][et_pb_column type=&#8221;1_2&#8243; _builder_version=&#8221;4.2.2&#8243; background_color=&#8221;#f4f4f4&#8243; background_position=&#8221;top_left&#8221; custom_padding=&#8221;2%|2%|2%|2%|false|false&#8221; custom_padding__hover=&#8221;|||&#8221;][et_pb_divider color=&#8221;#005B31&#8243; divider_weight=&#8221;3px&#8221; disabled_on=&#8221;off|off|off&#8221; _builder_version=&#8221;4.2.2&#8243; background_color_gradient_direction=&#8221;90deg&#8221; max_width=&#8221;100px&#8221; module_alignment=&#8221;left&#8221; height=&#8221;5px&#8221; custom_margin=&#8221;||20px|&#8221; custom_padding=&#8221;||20px|&#8221; animation_style=&#8221;slide&#8221; animation_direction=&#8221;bottom&#8221; saved_tabs=&#8221;all&#8221; locked=&#8221;off&#8221;][\/et_pb_divider][et_pb_text _builder_version=&#8221;4.2.2&#8243; hover_enabled=&#8221;0&#8243;]<\/p>\n<p><em>Al\u00e9m do plantio de esp\u00e9cies nativas da Mata Atl\u00e2ntica, a equipe do Projeto Semeando \u00c1gua acompanha de perto o desenvolvimento das mudas at\u00e9 que elas possam resistir sozinhas \u00e0s adversidades naturais<\/em><\/p>\n<p>Plantar \u00e1rvores nativas da Mata Atl\u00e2ntica no Sistema Cantareira n\u00e3o \u00e9 uma quest\u00e3o de escolha, mas de necessidade. Apenas no entorno de nascentes, cursos d\u2019\u00e1gua e reservat\u00f3rios, o d\u00e9ficit de \u00e1rvores que por lei deveriam estar ali \u00e9 de 35 milh\u00f5es. Essas terras pr\u00f3ximas \u00e0 \u00e1gua s\u00e3o conhecidas como \u00c1reas de Preserva\u00e7\u00e3o Permanente h\u00eddricas. No Sistema Cantareira, cerca de 60% delas est\u00e3o desmatadas, o equivalente a 21 mil campos de futebol.<\/p>\n<p>[\/et_pb_text][\/et_pb_column][\/et_pb_row][\/et_pb_section][et_pb_section fb_built=&#8221;1&#8243; admin_label=&#8221;Our Process&#8221; _builder_version=&#8221;4.2.2&#8243; width=&#8221;100%&#8221; max_width=&#8221;1080px&#8221; module_alignment=&#8221;center&#8221; custom_margin=&#8221;||40px||false|false&#8221; custom_padding=&#8221;||||false|false&#8221; animation_style=&#8221;fold&#8221; animation_direction=&#8221;bottom&#8221; animation_intensity_fold=&#8221;4%&#8221;][et_pb_row make_equal=&#8221;on&#8221; _builder_version=&#8221;4.2.2&#8243; background_size=&#8221;initial&#8221; background_position=&#8221;top_left&#8221; background_repeat=&#8221;repeat&#8221; width=&#8221;100%&#8221; max_width=&#8221;100%&#8221; custom_margin=&#8221;|||&#8221; custom_padding=&#8221;|||&#8221; use_custom_width=&#8221;on&#8221; width_unit=&#8221;off&#8221; custom_width_percent=&#8221;81%&#8221;][et_pb_column type=&#8221;4_4&#8243; _builder_version=&#8221;4.2.2&#8243; background_position=&#8221;top_left&#8221; custom_padding=&#8221;2%|2%|2%|2%|false|false&#8221; custom_padding__hover=&#8221;|||&#8221;][et_pb_text _builder_version=&#8221;4.2.2&#8243;]<\/p>\n<p>Preencher essas \u00e1reas com \u00e1rvores de esp\u00e9cies nativas da Mata Atl\u00e2ntica significa contribuir com o aumento da resili\u00eancia do Sistema Cantareira. Os plantios do Semeando \u00c1gua s\u00e3o acompanhados de perto pela equipe do projeto durante, no m\u00ednimo, dois anos. A partir desse momento, a nova floresta tem condi\u00e7\u00f5es de resistir \u00e0s adversidades, como ataques de formigas e per\u00edodos de seca prolongada.<\/p>\n<p><strong>Descubra os benef\u00edcios da restaura\u00e7\u00e3o florestal:<\/strong><\/p>\n<ul>\n<li>Descompacta\u00e7\u00e3o do solo pela a\u00e7\u00e3o das ra\u00edzes<\/li>\n<li>Aumento de mat\u00e9ria org\u00e2nica no solo<\/li>\n<li>Aumento da infiltra\u00e7\u00e3o da \u00e1gua da chuva<\/li>\n<li>Maior quantidade de nutrientes no solo<\/li>\n<li>Diminui\u00e7\u00e3o da temperatura<\/li>\n<li>Recupera\u00e7\u00e3o de \u00e1reas degradadas<\/li>\n<li>Forma\u00e7\u00e3o de corredores ecol\u00f3gicos, essenciais para a troca gen\u00e9tica da flora e da fauna<\/li>\n<li>Sequestro de CO<sub>2<\/sub><\/li>\n<\/ul>\n<p>Participe da <a href=\"\/faca-parte\/campanha\/\"><strong>Campanha Protetor do Cantareira<\/strong><\/a> e aumente a \u00e1rea de floresta\u00a0 na regi\u00e3o.<\/p>\n<p>[\/et_pb_text][\/et_pb_column][\/et_pb_row][\/et_pb_section][et_pb_section fb_built=&#8221;1&#8243; admin_label=&#8221;Our Process&#8221; _builder_version=&#8221;4.2.2&#8243; width=&#8221;100%&#8221; max_width=&#8221;1080px&#8221; module_alignment=&#8221;center&#8221; custom_padding=&#8221;0px||140px|&#8221; animation_style=&#8221;fold&#8221; animation_direction=&#8221;bottom&#8221; animation_intensity_fold=&#8221;4%&#8221;][et_pb_row column_structure=&#8221;1_3,2_3&#8243; make_equal=&#8221;on&#8221; _builder_version=&#8221;4.2.2&#8243; background_size=&#8221;initial&#8221; background_position=&#8221;top_left&#8221; background_repeat=&#8221;repeat&#8221; width=&#8221;100%&#8221; max_width=&#8221;100%&#8221; custom_margin=&#8221;|||&#8221; custom_padding=&#8221;|||&#8221; use_custom_width=&#8221;on&#8221; width_unit=&#8221;off&#8221; custom_width_percent=&#8221;81%&#8221;][et_pb_column type=&#8221;1_3&#8243; _builder_version=&#8221;4.2.2&#8243; background_color=&#8221;#f4f4f4&#8243; background_position=&#8221;top_left&#8221; custom_padding=&#8221;2%|2%|2%|2%|false|false&#8221; custom_padding__hover=&#8221;|||&#8221;][et_pb_divider color=&#8221;#005B31&#8243; divider_weight=&#8221;3px&#8221; disabled_on=&#8221;off|off|off&#8221; _builder_version=&#8221;4.2.2&#8243; background_color_gradient_direction=&#8221;90deg&#8221; max_width=&#8221;100px&#8221; module_alignment=&#8221;left&#8221; height=&#8221;5px&#8221; custom_margin=&#8221;||20px|&#8221; custom_padding=&#8221;||20px|&#8221; animation_style=&#8221;slide&#8221; animation_direction=&#8221;bottom&#8221; saved_tabs=&#8221;all&#8221; locked=&#8221;off&#8221;][\/et_pb_divider][et_pb_text _builder_version=&#8221;4.2.2&#8243;]<\/p>\n<p>Assista \u00e0 videoaula sobre Restaura\u00e7\u00e3o Florestal.<\/p>\n<p>[\/et_pb_text][\/et_pb_column][et_pb_column type=&#8221;2_3&#8243; _builder_version=&#8221;4.2.2&#8243; background_color=&#8221;#f4f4f4&#8243; background_position=&#8221;top_left&#8221; custom_padding=&#8221;||||false|false&#8221; custom_padding__hover=&#8221;|||&#8221;][et_pb_text _builder_version=&#8221;4.2.2&#8243;]<iframe loading=\"lazy\" src=\"https:\/\/www.youtube.com\/embed\/2liSem59t1c\" width=\"560\" height=\"315\" frameborder=\"0\" allowfullscreen=\"allowfullscreen\"><\/iframe>[\/et_pb_text][\/et_pb_column][\/et_pb_row][\/et_pb_section]<\/p>\n","protected":false},"excerpt":{"rendered":"<p>Plantio de \u00e1rvores \u00e9 essencial para a conserva\u00e7\u00e3o do Sistema CantareiraProdutores rurais visitam \u00e1rea reflorestada pr\u00f3xima \u00e0 nascente em propriedade rural de Piracaia (SP)Cr\u00e9dito: Cibele Quirino\/ Projeto Semeando \u00c1gua Al\u00e9m do plantio de esp\u00e9cies nativas da Mata Atl\u00e2ntica, a equipe do Projeto Semeando \u00c1gua acompanha de perto o desenvolvimento das mudas at\u00e9 que elas possam [&hellip;]<\/p>\n","protected":false},"author":1,"featured_media":0,"parent":323,"menu_order":0,"comment_status":"closed","ping_status":"closed","template":"","meta":{"_et_pb_use_builder":"on","_et_pb_old_content":"","_et_gb_content_width":"","footnotes":""},"class_list":["post-333","page","type-page","status-publish","hentry"],"yoast_head":"<!-- This site is optimized with the Yoast SEO plugin v26.6 - https:\/\/yoast.com\/wordpress\/plugins\/seo\/ -->\n<title>Restaura\u00e7\u00e3o Florestal - Semeando \u00c1gua<\/title>\n<meta name=\"robots\" content=\"index, follow, max-snippet:-1, max-image-preview:large, max-video-preview:-1\" \/>\n<link rel=\"canonical\" href=\"https:\/\/semeandoagua.ipe.org.br\/en\/como-atuamos\/restauracao-florestal\/\" \/>\n<meta property=\"og:locale\" content=\"en_US\" \/>\n<meta property=\"og:type\" content=\"article\" \/>\n<meta property=\"og:title\" content=\"Restaura\u00e7\u00e3o Florestal - Semeando \u00c1gua\" \/>\n<meta property=\"og:description\" content=\"Plantio de \u00e1rvores \u00e9 essencial para a conserva\u00e7\u00e3o do Sistema CantareiraProdutores rurais visitam \u00e1rea reflorestada pr\u00f3xima \u00e0 nascente em propriedade rural de Piracaia (SP)Cr\u00e9dito: Cibele Quirino\/ Projeto Semeando \u00c1gua Al\u00e9m do plantio de esp\u00e9cies nativas da Mata Atl\u00e2ntica, a equipe do Projeto Semeando \u00c1gua acompanha de perto o desenvolvimento das mudas at\u00e9 que elas possam [&hellip;]\" \/>\n<meta property=\"og:url\" content=\"https:\/\/semeandoagua.ipe.org.br\/en\/como-atuamos\/restauracao-florestal\/\" \/>\n<meta property=\"og:site_name\" content=\"Semeando \u00c1gua\" \/>\n<meta property=\"article:publisher\" content=\"https:\/\/www.facebook.com\/ipe.instituto.pesquisas.ecologicas\" \/>\n<meta property=\"article:modified_time\" content=\"2020-02-18T22:20:23+00:00\" \/>\n<meta property=\"og:image\" content=\"https:\/\/semeandoagua.ipe.org.br\/wp-content\/uploads\/2020\/02\/ipe-projeto-semeando-agua.jpg\" \/>\n\t<meta property=\"og:image:width\" content=\"419\" \/>\n\t<meta property=\"og:image:height\" content=\"200\" \/>\n\t<meta property=\"og:image:type\" content=\"image\/jpeg\" \/>\n<meta name=\"twitter:card\" content=\"summary_large_image\" \/>\n<meta name=\"twitter:site\" content=\"@InstitutoIPE\" \/>\n<meta name=\"twitter:label1\" content=\"Est. reading time\" \/>\n\t<meta name=\"twitter:data1\" content=\"5 minutes\" \/>\n<script type=\"application\/ld+json\" class=\"yoast-schema-graph\">{\"@context\":\"https:\/\/schema.org\",\"@graph\":[{\"@type\":\"WebPage\",\"@id\":\"https:\/\/semeandoagua.ipe.org.br\/como-atuamos\/restauracao-florestal\/\",\"url\":\"https:\/\/semeandoagua.ipe.org.br\/como-atuamos\/restauracao-florestal\/\",\"name\":\"Restaura\u00e7\u00e3o Florestal - Semeando \u00c1gua\",\"isPartOf\":{\"@id\":\"https:\/\/semeandoagua.ipe.org.br\/#website\"},\"datePublished\":\"2020-02-05T19:31:47+00:00\",\"dateModified\":\"2020-02-18T22:20:23+00:00\",\"breadcrumb\":{\"@id\":\"https:\/\/semeandoagua.ipe.org.br\/como-atuamos\/restauracao-florestal\/#breadcrumb\"},\"inLanguage\":\"en-US\",\"potentialAction\":[{\"@type\":\"ReadAction\",\"target\":[\"https:\/\/semeandoagua.ipe.org.br\/como-atuamos\/restauracao-florestal\/\"]}]},{\"@type\":\"BreadcrumbList\",\"@id\":\"https:\/\/semeandoagua.ipe.org.br\/como-atuamos\/restauracao-florestal\/#breadcrumb\",\"itemListElement\":[{\"@type\":\"ListItem\",\"position\":1,\"name\":\"In\u00edcio\",\"item\":\"https:\/\/semeandoagua.ipe.org.br\/\"},{\"@type\":\"ListItem\",\"position\":2,\"name\":\"Como atuamos\",\"item\":\"https:\/\/semeandoagua.ipe.org.br\/como-atuamos\/\"},{\"@type\":\"ListItem\",\"position\":3,\"name\":\"Restaura\u00e7\u00e3o Florestal\"}]},{\"@type\":\"WebSite\",\"@id\":\"https:\/\/semeandoagua.ipe.org.br\/#website\",\"url\":\"https:\/\/semeandoagua.ipe.org.br\/\",\"name\":\"Semeando \u00c1gua\",\"description\":\"A\u00e7\u00f5es do IP\u00ca no Sistema Cantareira\",\"publisher\":{\"@id\":\"https:\/\/semeandoagua.ipe.org.br\/#organization\"},\"potentialAction\":[{\"@type\":\"SearchAction\",\"target\":{\"@type\":\"EntryPoint\",\"urlTemplate\":\"https:\/\/semeandoagua.ipe.org.br\/?s={search_term_string}\"},\"query-input\":{\"@type\":\"PropertyValueSpecification\",\"valueRequired\":true,\"valueName\":\"search_term_string\"}}],\"inLanguage\":\"en-US\"},{\"@type\":\"Organization\",\"@id\":\"https:\/\/semeandoagua.ipe.org.br\/#organization\",\"name\":\"IP\u00ca \u2013 Instituto de Pesquisas Ecol\u00f3gicas\",\"url\":\"https:\/\/semeandoagua.ipe.org.br\/\",\"logo\":{\"@type\":\"ImageObject\",\"inLanguage\":\"en-US\",\"@id\":\"https:\/\/semeandoagua.ipe.org.br\/#\/schema\/logo\/image\/\",\"url\":\"https:\/\/semeandoagua.ipe.org.br\/wp-content\/uploads\/2020\/02\/ipe-projeto-semeando-agua.jpg\",\"contentUrl\":\"https:\/\/semeandoagua.ipe.org.br\/wp-content\/uploads\/2020\/02\/ipe-projeto-semeando-agua.jpg\",\"width\":419,\"height\":200,\"caption\":\"IP\u00ca \u2013 Instituto de Pesquisas Ecol\u00f3gicas\"},\"image\":{\"@id\":\"https:\/\/semeandoagua.ipe.org.br\/#\/schema\/logo\/image\/\"},\"sameAs\":[\"https:\/\/www.facebook.com\/ipe.instituto.pesquisas.ecologicas\",\"https:\/\/x.com\/InstitutoIPE\",\"https:\/\/www.instagram.com\/institutoipe\/\",\"https:\/\/www.linkedin.com\/company\/3067596\",\"https:\/\/www.youtube.com\/channel\/UCxsLeAueuL-eMIJy6qif9_g\/\"]}]}<\/script>\n<!-- \/ Yoast SEO plugin. -->","yoast_head_json":{"title":"Restaura\u00e7\u00e3o Florestal - Semeando \u00c1gua","robots":{"index":"index","follow":"follow","max-snippet":"max-snippet:-1","max-image-preview":"max-image-preview:large","max-video-preview":"max-video-preview:-1"},"canonical":"https:\/\/semeandoagua.ipe.org.br\/en\/como-atuamos\/restauracao-florestal\/","og_locale":"en_US","og_type":"article","og_title":"Restaura\u00e7\u00e3o Florestal - Semeando \u00c1gua","og_description":"Plantio de \u00e1rvores \u00e9 essencial para a conserva\u00e7\u00e3o do Sistema CantareiraProdutores rurais visitam \u00e1rea reflorestada pr\u00f3xima \u00e0 nascente em propriedade rural de Piracaia (SP)Cr\u00e9dito: Cibele Quirino\/ Projeto Semeando \u00c1gua Al\u00e9m do plantio de esp\u00e9cies nativas da Mata Atl\u00e2ntica, a equipe do Projeto Semeando \u00c1gua acompanha de perto o desenvolvimento das mudas at\u00e9 que elas possam [&hellip;]","og_url":"https:\/\/semeandoagua.ipe.org.br\/en\/como-atuamos\/restauracao-florestal\/","og_site_name":"Semeando \u00c1gua","article_publisher":"https:\/\/www.facebook.com\/ipe.instituto.pesquisas.ecologicas","article_modified_time":"2020-02-18T22:20:23+00:00","og_image":[{"width":419,"height":200,"url":"https:\/\/semeandoagua.ipe.org.br\/wp-content\/uploads\/2020\/02\/ipe-projeto-semeando-agua.jpg","type":"image\/jpeg"}],"twitter_card":"summary_large_image","twitter_site":"@InstitutoIPE","twitter_misc":{"Est. reading time":"5 minutes"},"schema":{"@context":"https:\/\/schema.org","@graph":[{"@type":"WebPage","@id":"https:\/\/semeandoagua.ipe.org.br\/como-atuamos\/restauracao-florestal\/","url":"https:\/\/semeandoagua.ipe.org.br\/como-atuamos\/restauracao-florestal\/","name":"Restaura\u00e7\u00e3o Florestal - Semeando \u00c1gua","isPartOf":{"@id":"https:\/\/semeandoagua.ipe.org.br\/#website"},"datePublished":"2020-02-05T19:31:47+00:00","dateModified":"2020-02-18T22:20:23+00:00","breadcrumb":{"@id":"https:\/\/semeandoagua.ipe.org.br\/como-atuamos\/restauracao-florestal\/#breadcrumb"},"inLanguage":"en-US","potentialAction":[{"@type":"ReadAction","target":["https:\/\/semeandoagua.ipe.org.br\/como-atuamos\/restauracao-florestal\/"]}]},{"@type":"BreadcrumbList","@id":"https:\/\/semeandoagua.ipe.org.br\/como-atuamos\/restauracao-florestal\/#breadcrumb","itemListElement":[{"@type":"ListItem","position":1,"name":"In\u00edcio","item":"https:\/\/semeandoagua.ipe.org.br\/"},{"@type":"ListItem","position":2,"name":"Como atuamos","item":"https:\/\/semeandoagua.ipe.org.br\/como-atuamos\/"},{"@type":"ListItem","position":3,"name":"Restaura\u00e7\u00e3o Florestal"}]},{"@type":"WebSite","@id":"https:\/\/semeandoagua.ipe.org.br\/#website","url":"https:\/\/semeandoagua.ipe.org.br\/","name":"Semeando \u00c1gua","description":"A\u00e7\u00f5es do IP\u00ca no Sistema Cantareira","publisher":{"@id":"https:\/\/semeandoagua.ipe.org.br\/#organization"},"potentialAction":[{"@type":"SearchAction","target":{"@type":"EntryPoint","urlTemplate":"https:\/\/semeandoagua.ipe.org.br\/?s={search_term_string}"},"query-input":{"@type":"PropertyValueSpecification","valueRequired":true,"valueName":"search_term_string"}}],"inLanguage":"en-US"},{"@type":"Organization","@id":"https:\/\/semeandoagua.ipe.org.br\/#organization","name":"IP\u00ca \u2013 Instituto de Pesquisas Ecol\u00f3gicas","url":"https:\/\/semeandoagua.ipe.org.br\/","logo":{"@type":"ImageObject","inLanguage":"en-US","@id":"https:\/\/semeandoagua.ipe.org.br\/#\/schema\/logo\/image\/","url":"https:\/\/semeandoagua.ipe.org.br\/wp-content\/uploads\/2020\/02\/ipe-projeto-semeando-agua.jpg","contentUrl":"https:\/\/semeandoagua.ipe.org.br\/wp-content\/uploads\/2020\/02\/ipe-projeto-semeando-agua.jpg","width":419,"height":200,"caption":"IP\u00ca \u2013 Instituto de Pesquisas Ecol\u00f3gicas"},"image":{"@id":"https:\/\/semeandoagua.ipe.org.br\/#\/schema\/logo\/image\/"},"sameAs":["https:\/\/www.facebook.com\/ipe.instituto.pesquisas.ecologicas","https:\/\/x.com\/InstitutoIPE","https:\/\/www.instagram.com\/institutoipe\/","https:\/\/www.linkedin.com\/company\/3067596","https:\/\/www.youtube.com\/channel\/UCxsLeAueuL-eMIJy6qif9_g\/"]}]}},"_links":{"self":[{"href":"https:\/\/semeandoagua.ipe.org.br\/en\/wp-json\/wp\/v2\/pages\/333","targetHints":{"allow":["GET"]}}],"collection":[{"href":"https:\/\/semeandoagua.ipe.org.br\/en\/wp-json\/wp\/v2\/pages"}],"about":[{"href":"https:\/\/semeandoagua.ipe.org.br\/en\/wp-json\/wp\/v2\/types\/page"}],"author":[{"embeddable":true,"href":"https:\/\/semeandoagua.ipe.org.br\/en\/wp-json\/wp\/v2\/users\/1"}],"replies":[{"embeddable":true,"href":"https:\/\/semeandoagua.ipe.org.br\/en\/wp-json\/wp\/v2\/comments?post=333"}],"version-history":[{"count":0,"href":"https:\/\/semeandoagua.ipe.org.br\/en\/wp-json\/wp\/v2\/pages\/333\/revisions"}],"up":[{"embeddable":true,"href":"https:\/\/semeandoagua.ipe.org.br\/en\/wp-json\/wp\/v2\/pages\/323"}],"wp:attachment":[{"href":"https:\/\/semeandoagua.ipe.org.br\/en\/wp-json\/wp\/v2\/media?parent=333"}],"curies":[{"name":"wp","href":"https:\/\/api.w.org\/{rel}","templated":true}]}}