{"id":36230,"date":"2020-02-05T16:39:44","date_gmt":"2020-02-05T19:39:44","guid":{"rendered":"https:\/\/semeandoagua.ipe.org.br\/?page_id=36230"},"modified":"2022-08-23T12:46:06","modified_gmt":"2022-08-23T15:46:06","slug":"companies","status":"publish","type":"page","link":"https:\/\/semeandoagua.ipe.org.br\/en\/be-part-of-it\/companies\/","title":{"rendered":"Companies can do a lot for the water. Participate!"},"content":{"rendered":"<p>[et_pb_section fb_built=&#8221;1&#8243; fullwidth=&#8221;on&#8221; _builder_version=&#8221;4.2.2&#8243; custom_margin=&#8221;0px||||false|false&#8221; custom_padding=&#8221;0px||||false|false&#8221;][et_pb_fullwidth_post_title meta=&#8221;off&#8221; featured_image=&#8221;off&#8221; _builder_version=&#8221;4.2.2&#8243; custom_margin=&#8221;30px||||false|false&#8221; custom_padding=&#8221;30px||||false|false&#8221;][\/et_pb_fullwidth_post_title][\/et_pb_section][et_pb_section fb_built=&#8221;1&#8243; admin_label=&#8221;Introdu\u00e7\u00e3o&#8221; _builder_version=&#8221;4.2.2&#8243; width=&#8221;100%&#8221; max_width=&#8221;1080px&#8221; module_alignment=&#8221;center&#8221; custom_margin=&#8221;40px||20px||false|false&#8221; custom_padding=&#8221;||20px||false|false&#8221; animation_style=&#8221;fold&#8221; animation_direction=&#8221;bottom&#8221; animation_intensity_fold=&#8221;4%&#8221;][et_pb_row column_structure=&#8221;1_2,1_2&#8243; use_custom_gutter=&#8221;on&#8221; make_equal=&#8221;on&#8221; module_class=&#8221; et_pb_row_fullwidth&#8221; _builder_version=&#8221;4.2.2&#8243; background_size=&#8221;initial&#8221; background_position=&#8221;top_left&#8221; background_repeat=&#8221;repeat&#8221; width=&#8221;100%&#8221; width_tablet=&#8221;100%&#8221; width_phone=&#8221;&#8221; width_last_edited=&#8221;on|phone&#8221; max_width=&#8221;100%&#8221; max_width_tablet=&#8221;100%&#8221; max_width_phone=&#8221;&#8221; max_width_last_edited=&#8221;on|phone&#8221; custom_margin=&#8221;0px||0px|&#8221; custom_padding=&#8221;0px||0px|&#8221; make_fullwidth=&#8221;on&#8221;][et_pb_column type=&#8221;1_2&#8243; _builder_version=&#8221;4.2.2&#8243; background_color=&#8221;#f4f4f4&#8243; background_enable_image=&#8221;off&#8221; background_position=&#8221;top_left&#8221; custom_padding=&#8221;2%|2%|2%|2%|false|false&#8221; custom_padding__hover=&#8221;|||&#8221;][et_pb_divider color=&#8221;#005B31&#8243; divider_weight=&#8221;3px&#8221; disabled_on=&#8221;off|off|off&#8221; _builder_version=&#8221;4.2.2&#8243; background_color_gradient_direction=&#8221;90deg&#8221; max_width=&#8221;100px&#8221; module_alignment=&#8221;left&#8221; height=&#8221;5px&#8221; custom_margin=&#8221;||20px|&#8221; custom_padding=&#8221;||20px|&#8221; animation_style=&#8221;slide&#8221; animation_direction=&#8221;bottom&#8221; saved_tabs=&#8221;all&#8221; locked=&#8221;off&#8221;][\/et_pb_divider][et_pb_text _builder_version=&#8221;4.4.2&#8243;]<\/p>\n<p><em>What if you could tell a new story? What if you could say that the company you work for contributes to the water security of the Cantareira System?<\/em><\/p>\n<p>[\/et_pb_text][\/et_pb_column][et_pb_column type=&#8221;1_2&#8243; _builder_version=&#8221;4.2.2&#8243; background_color=&#8221;#f4f4f4&#8243; background_position=&#8221;top_left&#8221; custom_padding=&#8221;||||false|false&#8221; custom_padding__hover=&#8221;|||&#8221;][et_pb_image src=&#8221;https:\/\/semeandoagua.ipe.org.br\/wp-content\/uploads\/2020\/02\/img-campanha-empresas.jpg&#8221; _builder_version=&#8221;4.4.2&#8243;][\/et_pb_image][et_pb_text _builder_version=&#8221;4.4.2&#8243; text_text_color=&#8221;#606060&#8243; text_font_size=&#8221;13px&#8221; text_line_height=&#8221;1.3em&#8221; custom_margin=&#8221;2%||||false|false&#8221; custom_padding=&#8221;2%||||false|false&#8221;]<\/p>\n<p><em>Atibainha Reservoir, in Nazar\u00e9 Paulista (SP), is one of the five reservoirs that compose the Cantareira System<\/em><\/p>\n<p><em>\u00a0<\/em><\/p>\n<p>[\/et_pb_text][\/et_pb_column][\/et_pb_row][\/et_pb_section][et_pb_section fb_built=&#8221;1&#8243; admin_label=&#8221;Se\u00e7\u00e3o Campanha Empresas&#8221; _builder_version=&#8221;4.2.2&#8243; custom_margin=&#8221;||20px||false|false&#8221; custom_padding=&#8221;||20px||false|false&#8221;][et_pb_row _builder_version=&#8221;4.2.2&#8243;][et_pb_column type=&#8221;4_4&#8243; _builder_version=&#8221;4.2.2&#8243;][et_pb_text admin_label=&#8221;Companies Text&#8221; _builder_version=&#8221;4.4.2&#8243; custom_margin=&#8221;||20px||false|false&#8221; custom_padding=&#8221;||20px||false|false&#8221;]<\/p>\n<p>The water from the Cantareira System is not exclusive to the supply of the population in residences. Companies from diverse segments draw water from the rivers that add to the reservoirs.<\/p>\n<p>The main sectors utilizing this water are the agro-industry, agrochemicals, food, beverages, pulp and paper, energy, gas, mining, petrochemicals, chemicals, and textiles.<\/p>\n<p>In other words, the impacts of water crisis go beyond public supply. Reduction in food production and restrictions on industrial production are also part of the main consequences of water scarcity. The outcome is a decrease in economic activity. Namely, the results of the private sector are compromised.<\/p>\n<p>But what if you, who work at one of these companies, could tell a new story? What if your company could contribute to the water security of this System?<\/p>\n<p>[\/et_pb_text][et_pb_text admin_label=&#8221;Be part of it Text&#8221; _builder_version=&#8221;4.4.2&#8243; hover_enabled=&#8221;0&#8243;]<\/p>\n<h4><strong>Be part of the Sowing Water Project!<\/strong><\/h4>\n<p>Talk to the Project\u2019s team and learn how to join efforts to increase water security:<\/p>\n\n<div class=\"wpcf7 no-js\" id=\"wpcf7-f36344-o1\" lang=\"en-US\" dir=\"ltr\" data-wpcf7-id=\"36344\">\n<div class=\"screen-reader-response\"><p role=\"status\" aria-live=\"polite\" aria-atomic=\"true\"><\/p> <ul><\/ul><\/div>\n<form action=\"\/en\/wp-json\/wp\/v2\/pages\/36230#wpcf7-f36344-o1\" method=\"post\" class=\"wpcf7-form init\" aria-label=\"Contact form\" novalidate=\"novalidate\" data-status=\"init\">\n<fieldset class=\"hidden-fields-container\"><input type=\"hidden\" name=\"_wpcf7\" value=\"36344\" \/><input type=\"hidden\" name=\"_wpcf7_version\" value=\"6.1.5\" \/><input type=\"hidden\" name=\"_wpcf7_locale\" value=\"en_US\" \/><input type=\"hidden\" name=\"_wpcf7_unit_tag\" value=\"wpcf7-f36344-o1\" \/><input type=\"hidden\" name=\"_wpcf7_container_post\" value=\"0\" \/><input type=\"hidden\" name=\"_wpcf7_posted_data_hash\" value=\"\" \/><input type=\"hidden\" name=\"_wpcf7_recaptcha_response\" value=\"\" \/>\n<\/fieldset>\n<p><label><em>(*Required fields)<\/em><\/label>\n<\/p>\n<p><label><b>What areas of action would you like to help?*<br \/>\n<\/b><br \/>\n<span class=\"wpcf7-form-control-wrap\" data-name=\"frentes\"><span class=\"wpcf7-form-control wpcf7-checkbox wpcf7-validates-as-required\"><span class=\"wpcf7-list-item first\"><label><input type=\"checkbox\" name=\"frentes[]\" value=\"Forest Restoration\" \/><span class=\"wpcf7-list-item-label\">Forest Restoration<\/span><\/label><\/span><span class=\"wpcf7-list-item\"><label><input type=\"checkbox\" name=\"frentes[]\" value=\"Production Systems (farmers, courses, and adequacy of properties)\" \/><span class=\"wpcf7-list-item-label\">Production Systems (farmers, courses, and adequacy of properties)<\/span><\/label><\/span><span class=\"wpcf7-list-item last\"><label><input type=\"checkbox\" name=\"frentes[]\" value=\"Environmental Education (children and young people, educators, actions in schools, in the nursery school, and public spaces)\" \/><span class=\"wpcf7-list-item-label\">Environmental Education (children and young people, educators, actions in schools, in the nursery school, and public spaces)<\/span><\/label><\/span><\/span><\/span><\/label>\n<\/p>\n<p><label>Full name*<br \/>\n<span class=\"wpcf7-form-control-wrap\" data-name=\"nome\"><input size=\"40\" maxlength=\"400\" class=\"wpcf7-form-control wpcf7-text wpcf7-validates-as-required\" aria-required=\"true\" aria-invalid=\"false\" value=\"\" type=\"text\" name=\"nome\" \/><\/span> <\/label>\n<\/p>\n<p><label>Company Name*<br \/>\n<span class=\"wpcf7-form-control-wrap\" data-name=\"empresa\"><input size=\"40\" maxlength=\"400\" class=\"wpcf7-form-control wpcf7-text wpcf7-validates-as-required\" aria-required=\"true\" aria-invalid=\"false\" value=\"\" type=\"text\" name=\"empresa\" \/><\/span> <\/label>\n<\/p>\n<p><label>Department*<br \/>\n<span class=\"wpcf7-form-control-wrap\" data-name=\"departamento\"><input size=\"40\" maxlength=\"400\" class=\"wpcf7-form-control wpcf7-text wpcf7-validates-as-required\" aria-required=\"true\" aria-invalid=\"false\" value=\"\" type=\"text\" name=\"departamento\" \/><\/span> <\/label>\n<\/p>\n<p><label>Telephone*<br \/>\n<span class=\"wpcf7-form-control-wrap\" data-name=\"telefone\"><input size=\"40\" maxlength=\"400\" class=\"wpcf7-form-control wpcf7-tel wpcf7-validates-as-required wpcf7-text wpcf7-validates-as-tel\" aria-required=\"true\" aria-invalid=\"false\" placeholder=\"(XX) XXXXX-XXXX\" value=\"\" type=\"tel\" name=\"telefone\" \/><\/span><\/label>\n<\/p>\n<p><label>E-mail*<br \/>\n<span class=\"wpcf7-form-control-wrap\" data-name=\"email\"><input size=\"40\" maxlength=\"400\" class=\"wpcf7-form-control wpcf7-email wpcf7-validates-as-required wpcf7-text wpcf7-validates-as-email\" aria-required=\"true\" aria-invalid=\"false\" value=\"\" type=\"email\" name=\"email\" \/><\/span> <\/label>\n<\/p>\n<p><label>Message*<br \/>\n<span class=\"wpcf7-form-control-wrap\" data-name=\"mensagem\"><textarea cols=\"40\" rows=\"10\" maxlength=\"2000\" class=\"wpcf7-form-control wpcf7-textarea wpcf7-validates-as-required\" aria-required=\"true\" aria-invalid=\"false\" name=\"mensagem\"><\/textarea><\/span> <\/label>\n<\/p>\n<p><input class=\"wpcf7-form-control wpcf7-submit has-spinner\" type=\"submit\" value=\"Submit\" \/>\n<\/p><div class=\"wpcf7-response-output\" aria-hidden=\"true\"><\/div>\n<\/form>\n<\/div>\n\n<p><!-- NAO REMOVER O CODIGO ABAIXO --><br \/>\n<script>\n\tdocument.addEventListener( 'wpcf7mailsent', function( event ) {\n\t\tfbq('track', 'Lead');\n\t}, false );\n<\/script>[\/et_pb_text][\/et_pb_column][\/et_pb_row][\/et_pb_section][et_pb_section fb_built=&#8221;1&#8243; admin_label=&#8221;Se\u00e7\u00e3o Fotos Campanha Empresas&#8221; _builder_version=&#8221;4.2.2&#8243; background_color=&#8221;#f2f2f2&#8243; custom_margin=&#8221;||||false|false&#8221; custom_padding=&#8221;30px||30px||false|false&#8221;][et_pb_row column_structure=&#8221;1_2,1_2&#8243; _builder_version=&#8221;4.2.2&#8243;][et_pb_column type=&#8221;1_2&#8243; _builder_version=&#8221;4.2.2&#8243; custom_padding=&#8221;|5px||5px|false|false&#8221;][et_pb_blurb image=&#8221;https:\/\/semeandoagua.ipe.org.br\/wp-content\/uploads\/2020\/02\/funcionarios-empresas-sistema-cantareira.jpg&#8221; admin_label=&#8221;Companies photo&#8221; _builder_version=&#8221;4.4.2&#8243; body_text_color=&#8221;#7a7a7a&#8221; body_font_size=&#8221;12px&#8221; body_line_height=&#8221;1.5em&#8221; custom_padding=&#8221;||||false|false&#8221;]<\/p>\n<p><em>Employees of companies in the regions that supply and benefit from the water in the Cantareira System carry out agroforestry plantations on rural properties<br \/>Photo by Ilana Bar\/Est\u00fadio Garagem<\/em><\/p>\n<p>[\/et_pb_blurb][\/et_pb_column][et_pb_column type=&#8221;1_2&#8243; _builder_version=&#8221;4.2.2&#8243; custom_padding=&#8221;|5px||5px|false|false&#8221;][et_pb_blurb image=&#8221;https:\/\/semeandoagua.ipe.org.br\/wp-content\/uploads\/2020\/02\/06_ila_190605_0753.jpg&#8221; admin_label=&#8221;Companies photo&#8221; _builder_version=&#8221;4.4.2&#8243; body_text_color=&#8221;#7a7a7a&#8221; body_font_size=&#8221;12px&#8221; body_line_height=&#8221;1.5em&#8221; custom_padding=&#8221;||||false|false&#8221;]<\/p>\n<p><em>Employees of a company benefited from the Cantareira System and children who live in the water supply region carry out plantations in a Permanent Preservation Area near the Atibainha Reservoir in Nazar\u00e9 Paulista (SP)<br \/>Photo by Ilana Bar\/Est\u00fadio Garagem<\/em><\/p>\n<p>[\/et_pb_blurb][\/et_pb_column][\/et_pb_row][\/et_pb_section]<\/p>\n","protected":false},"excerpt":{"rendered":"<p>What if you could tell a new story? What if you could say that the company you work for contributes to the water security of the Cantareira System?Atibainha Reservoir, in Nazar\u00e9 Paulista (SP), is one of the five reservoirs that compose the Cantareira System \u00a0The water from the Cantareira System is not exclusive to the [&hellip;]<\/p>\n","protected":false},"author":1,"featured_media":0,"parent":36318,"menu_order":3,"comment_status":"closed","ping_status":"closed","template":"","meta":{"_et_pb_use_builder":"on","_et_pb_old_content":"","_et_gb_content_width":"","footnotes":""},"class_list":["post-36230","page","type-page","status-publish","hentry"],"yoast_head":"<!-- This site is optimized with the Yoast SEO plugin v26.6 - https:\/\/yoast.com\/wordpress\/plugins\/seo\/ -->\n<title>Companies can do a lot for the water. Participate! - Semeando \u00c1gua<\/title>\n<meta name=\"robots\" content=\"index, follow, max-snippet:-1, max-image-preview:large, max-video-preview:-1\" \/>\n<link rel=\"canonical\" href=\"https:\/\/semeandoagua.ipe.org.br\/en\/faca-parte\/empresas\/\" \/>\n<meta property=\"og:locale\" content=\"en_US\" \/>\n<meta property=\"og:type\" content=\"article\" \/>\n<meta property=\"og:title\" content=\"Companies can do a lot for the water. Participate! - Semeando \u00c1gua\" \/>\n<meta property=\"og:description\" content=\"What if you could tell a new story? What if you could say that the company you work for contributes to the water security of the Cantareira System?Atibainha Reservoir, in Nazar\u00e9 Paulista (SP), is one of the five reservoirs that compose the Cantareira System \u00a0The water from the Cantareira System is not exclusive to the [&hellip;]\" \/>\n<meta property=\"og:url\" content=\"https:\/\/semeandoagua.ipe.org.br\/en\/faca-parte\/empresas\/\" \/>\n<meta property=\"og:site_name\" content=\"Semeando \u00c1gua\" \/>\n<meta property=\"article:publisher\" content=\"https:\/\/www.facebook.com\/ipe.instituto.pesquisas.ecologicas\" \/>\n<meta property=\"article:modified_time\" content=\"2022-08-23T15:46:06+00:00\" \/>\n<meta property=\"og:image\" content=\"https:\/\/semeandoagua.ipe.org.br\/wp-content\/uploads\/2020\/02\/ipe-projeto-semeando-agua.jpg\" \/>\n\t<meta property=\"og:image:width\" content=\"419\" \/>\n\t<meta property=\"og:image:height\" content=\"200\" \/>\n\t<meta property=\"og:image:type\" content=\"image\/jpeg\" \/>\n<meta name=\"twitter:card\" content=\"summary_large_image\" \/>\n<meta name=\"twitter:site\" content=\"@InstitutoIPE\" \/>\n<meta name=\"twitter:label1\" content=\"Est. reading time\" \/>\n\t<meta name=\"twitter:data1\" content=\"4 minutes\" \/>\n<script type=\"application\/ld+json\" class=\"yoast-schema-graph\">{\"@context\":\"https:\/\/schema.org\",\"@graph\":[{\"@type\":\"WebPage\",\"@id\":\"https:\/\/semeandoagua.ipe.org.br\/faca-parte\/empresas\/\",\"url\":\"https:\/\/semeandoagua.ipe.org.br\/faca-parte\/empresas\/\",\"name\":\"Companies can do a lot for the water. Participate! - Semeando \u00c1gua\",\"isPartOf\":{\"@id\":\"https:\/\/semeandoagua.ipe.org.br\/#website\"},\"datePublished\":\"2020-02-05T19:39:44+00:00\",\"dateModified\":\"2022-08-23T15:46:06+00:00\",\"breadcrumb\":{\"@id\":\"https:\/\/semeandoagua.ipe.org.br\/faca-parte\/empresas\/#breadcrumb\"},\"inLanguage\":\"en-US\",\"potentialAction\":[{\"@type\":\"ReadAction\",\"target\":[\"https:\/\/semeandoagua.ipe.org.br\/faca-parte\/empresas\/\"]}]},{\"@type\":\"BreadcrumbList\",\"@id\":\"https:\/\/semeandoagua.ipe.org.br\/faca-parte\/empresas\/#breadcrumb\",\"itemListElement\":[{\"@type\":\"ListItem\",\"position\":1,\"name\":\"In\u00edcio\",\"item\":\"https:\/\/semeandoagua.ipe.org.br\/\"},{\"@type\":\"ListItem\",\"position\":2,\"name\":\"Be part of it\",\"item\":\"https:\/\/semeandoagua.ipe.org.br\/en\/be-part-of-it\/\"},{\"@type\":\"ListItem\",\"position\":3,\"name\":\"Companies can do a lot for the water. Participate!\"}]},{\"@type\":\"WebSite\",\"@id\":\"https:\/\/semeandoagua.ipe.org.br\/#website\",\"url\":\"https:\/\/semeandoagua.ipe.org.br\/\",\"name\":\"Semeando \u00c1gua\",\"description\":\"A\u00e7\u00f5es do IP\u00ca no Sistema Cantareira\",\"publisher\":{\"@id\":\"https:\/\/semeandoagua.ipe.org.br\/#organization\"},\"potentialAction\":[{\"@type\":\"SearchAction\",\"target\":{\"@type\":\"EntryPoint\",\"urlTemplate\":\"https:\/\/semeandoagua.ipe.org.br\/?s={search_term_string}\"},\"query-input\":{\"@type\":\"PropertyValueSpecification\",\"valueRequired\":true,\"valueName\":\"search_term_string\"}}],\"inLanguage\":\"en-US\"},{\"@type\":\"Organization\",\"@id\":\"https:\/\/semeandoagua.ipe.org.br\/#organization\",\"name\":\"IP\u00ca \u2013 Instituto de Pesquisas Ecol\u00f3gicas\",\"url\":\"https:\/\/semeandoagua.ipe.org.br\/\",\"logo\":{\"@type\":\"ImageObject\",\"inLanguage\":\"en-US\",\"@id\":\"https:\/\/semeandoagua.ipe.org.br\/#\/schema\/logo\/image\/\",\"url\":\"https:\/\/semeandoagua.ipe.org.br\/wp-content\/uploads\/2020\/02\/ipe-projeto-semeando-agua.jpg\",\"contentUrl\":\"https:\/\/semeandoagua.ipe.org.br\/wp-content\/uploads\/2020\/02\/ipe-projeto-semeando-agua.jpg\",\"width\":419,\"height\":200,\"caption\":\"IP\u00ca \u2013 Instituto de Pesquisas Ecol\u00f3gicas\"},\"image\":{\"@id\":\"https:\/\/semeandoagua.ipe.org.br\/#\/schema\/logo\/image\/\"},\"sameAs\":[\"https:\/\/www.facebook.com\/ipe.instituto.pesquisas.ecologicas\",\"https:\/\/x.com\/InstitutoIPE\",\"https:\/\/www.instagram.com\/institutoipe\/\",\"https:\/\/www.linkedin.com\/company\/3067596\",\"https:\/\/www.youtube.com\/channel\/UCxsLeAueuL-eMIJy6qif9_g\/\"]}]}<\/script>\n<!-- \/ Yoast SEO plugin. -->","yoast_head_json":{"title":"Companies can do a lot for the water. Participate! - Semeando \u00c1gua","robots":{"index":"index","follow":"follow","max-snippet":"max-snippet:-1","max-image-preview":"max-image-preview:large","max-video-preview":"max-video-preview:-1"},"canonical":"https:\/\/semeandoagua.ipe.org.br\/en\/faca-parte\/empresas\/","og_locale":"en_US","og_type":"article","og_title":"Companies can do a lot for the water. Participate! - Semeando \u00c1gua","og_description":"What if you could tell a new story? What if you could say that the company you work for contributes to the water security of the Cantareira System?Atibainha Reservoir, in Nazar\u00e9 Paulista (SP), is one of the five reservoirs that compose the Cantareira System \u00a0The water from the Cantareira System is not exclusive to the [&hellip;]","og_url":"https:\/\/semeandoagua.ipe.org.br\/en\/faca-parte\/empresas\/","og_site_name":"Semeando \u00c1gua","article_publisher":"https:\/\/www.facebook.com\/ipe.instituto.pesquisas.ecologicas","article_modified_time":"2022-08-23T15:46:06+00:00","og_image":[{"width":419,"height":200,"url":"https:\/\/semeandoagua.ipe.org.br\/wp-content\/uploads\/2020\/02\/ipe-projeto-semeando-agua.jpg","type":"image\/jpeg"}],"twitter_card":"summary_large_image","twitter_site":"@InstitutoIPE","twitter_misc":{"Est. reading time":"4 minutes"},"schema":{"@context":"https:\/\/schema.org","@graph":[{"@type":"WebPage","@id":"https:\/\/semeandoagua.ipe.org.br\/faca-parte\/empresas\/","url":"https:\/\/semeandoagua.ipe.org.br\/faca-parte\/empresas\/","name":"Companies can do a lot for the water. Participate! - Semeando \u00c1gua","isPartOf":{"@id":"https:\/\/semeandoagua.ipe.org.br\/#website"},"datePublished":"2020-02-05T19:39:44+00:00","dateModified":"2022-08-23T15:46:06+00:00","breadcrumb":{"@id":"https:\/\/semeandoagua.ipe.org.br\/faca-parte\/empresas\/#breadcrumb"},"inLanguage":"en-US","potentialAction":[{"@type":"ReadAction","target":["https:\/\/semeandoagua.ipe.org.br\/faca-parte\/empresas\/"]}]},{"@type":"BreadcrumbList","@id":"https:\/\/semeandoagua.ipe.org.br\/faca-parte\/empresas\/#breadcrumb","itemListElement":[{"@type":"ListItem","position":1,"name":"In\u00edcio","item":"https:\/\/semeandoagua.ipe.org.br\/"},{"@type":"ListItem","position":2,"name":"Be part of it","item":"https:\/\/semeandoagua.ipe.org.br\/en\/be-part-of-it\/"},{"@type":"ListItem","position":3,"name":"Companies can do a lot for the water. Participate!"}]},{"@type":"WebSite","@id":"https:\/\/semeandoagua.ipe.org.br\/#website","url":"https:\/\/semeandoagua.ipe.org.br\/","name":"Semeando \u00c1gua","description":"A\u00e7\u00f5es do IP\u00ca no Sistema Cantareira","publisher":{"@id":"https:\/\/semeandoagua.ipe.org.br\/#organization"},"potentialAction":[{"@type":"SearchAction","target":{"@type":"EntryPoint","urlTemplate":"https:\/\/semeandoagua.ipe.org.br\/?s={search_term_string}"},"query-input":{"@type":"PropertyValueSpecification","valueRequired":true,"valueName":"search_term_string"}}],"inLanguage":"en-US"},{"@type":"Organization","@id":"https:\/\/semeandoagua.ipe.org.br\/#organization","name":"IP\u00ca \u2013 Instituto de Pesquisas Ecol\u00f3gicas","url":"https:\/\/semeandoagua.ipe.org.br\/","logo":{"@type":"ImageObject","inLanguage":"en-US","@id":"https:\/\/semeandoagua.ipe.org.br\/#\/schema\/logo\/image\/","url":"https:\/\/semeandoagua.ipe.org.br\/wp-content\/uploads\/2020\/02\/ipe-projeto-semeando-agua.jpg","contentUrl":"https:\/\/semeandoagua.ipe.org.br\/wp-content\/uploads\/2020\/02\/ipe-projeto-semeando-agua.jpg","width":419,"height":200,"caption":"IP\u00ca \u2013 Instituto de Pesquisas Ecol\u00f3gicas"},"image":{"@id":"https:\/\/semeandoagua.ipe.org.br\/#\/schema\/logo\/image\/"},"sameAs":["https:\/\/www.facebook.com\/ipe.instituto.pesquisas.ecologicas","https:\/\/x.com\/InstitutoIPE","https:\/\/www.instagram.com\/institutoipe\/","https:\/\/www.linkedin.com\/company\/3067596","https:\/\/www.youtube.com\/channel\/UCxsLeAueuL-eMIJy6qif9_g\/"]}]}},"_links":{"self":[{"href":"https:\/\/semeandoagua.ipe.org.br\/en\/wp-json\/wp\/v2\/pages\/36230","targetHints":{"allow":["GET"]}}],"collection":[{"href":"https:\/\/semeandoagua.ipe.org.br\/en\/wp-json\/wp\/v2\/pages"}],"about":[{"href":"https:\/\/semeandoagua.ipe.org.br\/en\/wp-json\/wp\/v2\/types\/page"}],"author":[{"embeddable":true,"href":"https:\/\/semeandoagua.ipe.org.br\/en\/wp-json\/wp\/v2\/users\/1"}],"replies":[{"embeddable":true,"href":"https:\/\/semeandoagua.ipe.org.br\/en\/wp-json\/wp\/v2\/comments?post=36230"}],"version-history":[{"count":0,"href":"https:\/\/semeandoagua.ipe.org.br\/en\/wp-json\/wp\/v2\/pages\/36230\/revisions"}],"up":[{"embeddable":true,"href":"https:\/\/semeandoagua.ipe.org.br\/en\/wp-json\/wp\/v2\/pages\/36318"}],"wp:attachment":[{"href":"https:\/\/semeandoagua.ipe.org.br\/en\/wp-json\/wp\/v2\/media?parent=36230"}],"curies":[{"name":"wp","href":"https:\/\/api.w.org\/{rel}","templated":true}]}}