{"id":368,"date":"2020-02-05T16:39:44","date_gmt":"2020-02-05T19:39:44","guid":{"rendered":"https:\/\/semeandoagua.ipe.org.br\/?page_id=368"},"modified":"2024-03-07T16:45:44","modified_gmt":"2024-03-07T19:45:44","slug":"empresas","status":"publish","type":"page","link":"https:\/\/semeandoagua.ipe.org.br\/en\/faca-parte\/empresas\/","title":{"rendered":"As empresas podem fazer muito pela \u00e1gua. Participe!"},"content":{"rendered":"<p>[et_pb_section fb_built=&#8221;1&#8243; fullwidth=&#8221;on&#8221; _builder_version=&#8221;4.16&#8243; custom_margin=&#8221;0px||||false|false&#8221; custom_padding=&#8221;0px||||false|false&#8221; global_colors_info=&#8221;{}&#8221;][et_pb_fullwidth_post_title meta=&#8221;off&#8221; featured_image=&#8221;off&#8221; _builder_version=&#8221;4.16&#8243; custom_margin=&#8221;30px||||false|false&#8221; custom_padding=&#8221;30px||||false|false&#8221; global_colors_info=&#8221;{}&#8221;][\/et_pb_fullwidth_post_title][\/et_pb_section][et_pb_section fb_built=&#8221;1&#8243; admin_label=&#8221;Introdu\u00e7\u00e3o&#8221; _builder_version=&#8221;4.16&#8243; width=&#8221;100%&#8221; max_width=&#8221;1080px&#8221; module_alignment=&#8221;center&#8221; custom_margin=&#8221;40px||20px||false|false&#8221; custom_padding=&#8221;||20px||false|false&#8221; animation_style=&#8221;fold&#8221; animation_direction=&#8221;bottom&#8221; animation_intensity_fold=&#8221;4%&#8221; global_colors_info=&#8221;{}&#8221;][et_pb_row column_structure=&#8221;1_2,1_2&#8243; use_custom_gutter=&#8221;on&#8221; make_equal=&#8221;on&#8221; module_class=&#8221; et_pb_row_fullwidth&#8221; _builder_version=&#8221;4.16&#8243; background_size=&#8221;initial&#8221; background_position=&#8221;top_left&#8221; background_repeat=&#8221;repeat&#8221; width=&#8221;100%&#8221; width_tablet=&#8221;100%&#8221; width_phone=&#8221;&#8221; width_last_edited=&#8221;on|phone&#8221; max_width=&#8221;100%&#8221; max_width_tablet=&#8221;100%&#8221; max_width_phone=&#8221;&#8221; max_width_last_edited=&#8221;on|phone&#8221; custom_margin=&#8221;0px||0px|&#8221; custom_padding=&#8221;0px||0px|&#8221; make_fullwidth=&#8221;on&#8221; global_colors_info=&#8221;{}&#8221;][et_pb_column type=&#8221;1_2&#8243; _builder_version=&#8221;4.16&#8243; background_color=&#8221;#f4f4f4&#8243; background_enable_image=&#8221;off&#8221; background_position=&#8221;top_left&#8221; custom_padding=&#8221;2%|2%|2%|2%|false|false&#8221; global_colors_info=&#8221;{}&#8221; custom_padding__hover=&#8221;|||&#8221;][et_pb_divider color=&#8221;#005B31&#8243; divider_weight=&#8221;3px&#8221; disabled_on=&#8221;off|off|off&#8221; _builder_version=&#8221;4.16&#8243; background_color_gradient_direction=&#8221;90deg&#8221; max_width=&#8221;100px&#8221; module_alignment=&#8221;left&#8221; height=&#8221;5px&#8221; custom_margin=&#8221;||20px|&#8221; custom_padding=&#8221;||20px|&#8221; animation_style=&#8221;slide&#8221; animation_direction=&#8221;bottom&#8221; saved_tabs=&#8221;all&#8221; locked=&#8221;off&#8221; global_colors_info=&#8221;{}&#8221;][\/et_pb_divider][et_pb_text _builder_version=&#8221;4.16&#8243; global_colors_info=&#8221;{}&#8221;]<\/p>\n<p><em>E se voc\u00ea pudesse contar uma nova hist\u00f3ria? Que a empresa em que voc\u00ea trabalha tamb\u00e9m contribui para a seguran\u00e7a h\u00eddrica do Sistema Cantareira?<\/em><\/p>\n<p>[\/et_pb_text][\/et_pb_column][et_pb_column type=&#8221;1_2&#8243; _builder_version=&#8221;4.16&#8243; background_color=&#8221;#f4f4f4&#8243; background_position=&#8221;top_left&#8221; custom_padding=&#8221;||||false|false&#8221; global_colors_info=&#8221;{}&#8221; custom_padding__hover=&#8221;|||&#8221;][et_pb_image src=&#8221;https:\/\/semeandoagua.ipe.org.br\/wp-content\/uploads\/2020\/02\/img-campanha-empresas.jpg&#8221; _builder_version=&#8221;4.16&#8243; global_colors_info=&#8221;{}&#8221;][\/et_pb_image][et_pb_text _builder_version=&#8221;4.16&#8243; text_text_color=&#8221;#606060&#8243; text_font_size=&#8221;13px&#8221; text_line_height=&#8221;1.3em&#8221; custom_margin=&#8221;2%||||false|false&#8221; custom_padding=&#8221;2%||||false|false&#8221; global_colors_info=&#8221;{}&#8221;]<\/p>\n<p><em>Reservat\u00f3rio Atibainha, em Nazar\u00e9 Paulista (SP), um dos cinco que formam o Sistema Cantareira<\/em><\/p>\n<p><em>\u00a0<\/em><\/p>\n<p>[\/et_pb_text][\/et_pb_column][\/et_pb_row][\/et_pb_section][et_pb_section fb_built=&#8221;1&#8243; admin_label=&#8221;Se\u00e7\u00e3o Campanha Empresas&#8221; _builder_version=&#8221;4.16&#8243; custom_margin=&#8221;||20px||false|false&#8221; custom_padding=&#8221;||20px||false|false&#8221; global_colors_info=&#8221;{}&#8221;][et_pb_row _builder_version=&#8221;4.16&#8243; global_colors_info=&#8221;{}&#8221;][et_pb_column type=&#8221;4_4&#8243; _builder_version=&#8221;4.16&#8243; global_colors_info=&#8221;{}&#8221;][et_pb_text admin_label=&#8221;Texto Empresas&#8221; _builder_version=&#8221;4.23.1&#8243; custom_margin=&#8221;||20px||false|false&#8221; custom_padding=&#8221;||20px||false|false&#8221; global_colors_info=&#8221;{}&#8221;]<\/p>\n<p>A \u00e1gua do Sistema Cantareira n\u00e3o \u00e9 exclusiva para o abastecimento da popula\u00e7\u00e3o nas resid\u00eancias. Empresas de diversos segmentos retiram \u00e1gua dos rios que contribuem com os reservat\u00f3rios.<\/p>\n<p>Os principais setores que fazem uso dessa \u00e1gua incluem agroind\u00fastria, agrot\u00f3xico, aliment\u00edcio, bebidas, celulose e papel, energia, g\u00e1s, minera\u00e7\u00e3o, petroqu\u00edmico, qu\u00edmico e t\u00eaxtil.<\/p>\n<p>Em outras palavras, os impactos das crises h\u00eddricas v\u00e3o al\u00e9m do abastecimento p\u00fablico. A redu\u00e7\u00e3o na produ\u00e7\u00e3o de alimentos e a restri\u00e7\u00e3o na produ\u00e7\u00e3o industrial tamb\u00e9m est\u00e3o entre as principais consequ\u00eancias da escassez de \u00e1gua. O saldo \u00e9 a diminui\u00e7\u00e3o da atividade econ\u00f4mica, ou seja, o comprometimento dos resultados da iniciativa privada.<\/p>\n<p>Mas e se voc\u00ea, que trabalha em uma dessas empresas, pudesse contar uma nova hist\u00f3ria? N\u00e3o apenas que a empresa utiliza \u00e1gua do Cantareira, mas tamb\u00e9m que voc\u00eas contribuem com a seguran\u00e7a h\u00eddrica desse Sistema?<\/p>\n<p>[\/et_pb_text][et_pb_text admin_label=&#8221;Texto Fa\u00e7a Parte&#8221; _builder_version=&#8221;4.23.1&#8243; global_colors_info=&#8221;{}&#8221;]<\/p>\n<h4><strong>Fa\u00e7a parte do Projeto Semeando \u00c1gua!<\/strong><\/h4>\n<p>Fale com a equipe do Projeto e saiba como somar esfor\u00e7os para o aumento da seguran\u00e7a h\u00eddrica:<\/p>\n<p>Preencha o formul\u00e1rio abaixo ou envie e-mail para semeandoagua-com@ipe.org.br<\/p>\n<p>&nbsp;<\/p>\n<p>\n<script>\n\tdocument.addEventListener( 'wpcf7mailsent', function( event ) {\n\t\tfbq('track', 'Lead');\n\t}, false );\n<\/script>\n<\/p>\n<p>[\/et_pb_text][et_pb_code _builder_version=&#8221;4.23.1&#8243; _module_preset=&#8221;default&#8221; global_colors_info=&#8221;{}&#8221;]\n<div class=\"wpcf7 no-js\" id=\"wpcf7-f111-o1\" lang=\"en-US\" dir=\"ltr\" data-wpcf7-id=\"111\">\n<div class=\"screen-reader-response\"><p role=\"status\" aria-live=\"polite\" aria-atomic=\"true\"><\/p> <ul><\/ul><\/div>\n<form action=\"\/en\/wp-json\/wp\/v2\/pages\/368#wpcf7-f111-o1\" method=\"post\" class=\"wpcf7-form init\" aria-label=\"Contact form\" novalidate=\"novalidate\" data-status=\"init\">\n<fieldset class=\"hidden-fields-container\"><input type=\"hidden\" name=\"_wpcf7\" value=\"111\" \/><input type=\"hidden\" name=\"_wpcf7_version\" value=\"6.1.5\" \/><input type=\"hidden\" name=\"_wpcf7_locale\" value=\"en_US\" \/><input type=\"hidden\" name=\"_wpcf7_unit_tag\" value=\"wpcf7-f111-o1\" \/><input type=\"hidden\" name=\"_wpcf7_container_post\" value=\"0\" \/><input type=\"hidden\" name=\"_wpcf7_posted_data_hash\" value=\"\" \/><input type=\"hidden\" name=\"_wpcf7_recaptcha_response\" value=\"\" \/>\n<\/fieldset>\n<p><label for=\"frentes\"><b>Quais frentes de atua\u00e7\u00e3o voc\u00ea quer ajudar?*<br \/>\n<\/b><\/label><br \/>\n<span class=\"wpcf7-form-control-wrap\" data-name=\"frentes\"><span class=\"wpcf7-form-control wpcf7-checkbox wpcf7-validates-as-required\"><span class=\"wpcf7-list-item first\"><label><input type=\"checkbox\" name=\"frentes[]\" value=\"Restaura\u00e7\u00e3o Florestal\" \/><span class=\"wpcf7-list-item-label\">Restaura\u00e7\u00e3o Florestal<\/span><\/label><\/span><span class=\"wpcf7-list-item\"><label><input type=\"checkbox\" name=\"frentes[]\" value=\"Sistemas Produtivos (produtores rurais, cursos e adequa\u00e7\u00e3o das propriedades)\" \/><span class=\"wpcf7-list-item-label\">Sistemas Produtivos (produtores rurais, cursos e adequa\u00e7\u00e3o das propriedades)<\/span><\/label><\/span><span class=\"wpcf7-list-item last\"><label><input type=\"checkbox\" name=\"frentes[]\" value=\"Educa\u00e7\u00e3o Ambiental (crian\u00e7as e jovens, educadores, a\u00e7\u00f5es em escolas, no viveiro-escola e em espa\u00e7os p\u00fablicos)\" \/><span class=\"wpcf7-list-item-label\">Educa\u00e7\u00e3o Ambiental (crian\u00e7as e jovens, educadores, a\u00e7\u00f5es em escolas, no viveiro-escola e em espa\u00e7os p\u00fablicos)<\/span><\/label><\/span><\/span><\/span>\n<\/p>\n<p><label for=\"nome\">Nome completo*<\/label><br \/>\n<span class=\"wpcf7-form-control-wrap\" data-name=\"nome\"><input size=\"40\" maxlength=\"400\" class=\"wpcf7-form-control wpcf7-text wpcf7-validates-as-required\" aria-required=\"true\" aria-invalid=\"false\" value=\"\" type=\"text\" name=\"nome\" \/><\/span>\n<\/p>\n<p><label for=\"empresa\">Nome da empresa*<\/label><br \/>\n<span class=\"wpcf7-form-control-wrap\" data-name=\"empresa\"><input size=\"40\" maxlength=\"400\" class=\"wpcf7-form-control wpcf7-text wpcf7-validates-as-required\" aria-required=\"true\" aria-invalid=\"false\" value=\"\" type=\"text\" name=\"empresa\" \/><\/span>\n<\/p>\n<p><label for=\"departamento\">Departamento*<\/label><br \/>\n<span class=\"wpcf7-form-control-wrap\" data-name=\"departamento\"><input size=\"40\" maxlength=\"400\" class=\"wpcf7-form-control wpcf7-text wpcf7-validates-as-required\" aria-required=\"true\" aria-invalid=\"false\" value=\"\" type=\"text\" name=\"departamento\" \/><\/span>\n<\/p>\n<p><label for=\"telefone\">Telefone*<\/label><br \/>\n<span class=\"wpcf7-form-control-wrap\" data-name=\"telefone\"><input size=\"40\" maxlength=\"400\" class=\"wpcf7-form-control wpcf7-tel wpcf7-validates-as-required wpcf7-text wpcf7-validates-as-tel\" aria-required=\"true\" aria-invalid=\"false\" placeholder=\"(XX) XXXXX-XXXX\" value=\"\" type=\"tel\" name=\"telefone\" \/><\/span>\n<\/p>\n<p><label for=\"email\">E-mail*<\/label><br \/>\n<span class=\"wpcf7-form-control-wrap\" data-name=\"email\"><input size=\"40\" maxlength=\"400\" class=\"wpcf7-form-control wpcf7-email wpcf7-validates-as-required wpcf7-text wpcf7-validates-as-email\" aria-required=\"true\" aria-invalid=\"false\" value=\"\" type=\"email\" name=\"email\" \/><\/span>\n<\/p>\n<p><label for=\"mensagem\">Mensagem*<\/label><br \/>\n<span class=\"wpcf7-form-control-wrap\" data-name=\"mensagem\"><textarea cols=\"40\" rows=\"10\" maxlength=\"2000\" class=\"wpcf7-form-control wpcf7-textarea wpcf7-validates-as-required\" aria-required=\"true\" aria-invalid=\"false\" name=\"mensagem\"><\/textarea><\/span>\n<\/p>\n<p><input class=\"wpcf7-form-control wpcf7-submit has-spinner\" type=\"submit\" value=\"Enviar\" \/>\n<\/p><div class=\"wpcf7-response-output\" aria-hidden=\"true\"><\/div>\n<\/form>\n<\/div>\n[\/et_pb_code][\/et_pb_column][\/et_pb_row][\/et_pb_section][et_pb_section fb_built=&#8221;1&#8243; admin_label=&#8221;Se\u00e7\u00e3o Fotos Campanha Empresas&#8221; _builder_version=&#8221;4.23.1&#8243; background_color=&#8221;#f2f2f2&#8243; custom_margin=&#8221;||||false|false&#8221; custom_padding=&#8221;30px||30px||false|false&#8221; global_colors_info=&#8221;{}&#8221;][et_pb_row column_structure=&#8221;1_2,1_2&#8243; _builder_version=&#8221;4.23.1&#8243; global_colors_info=&#8221;{}&#8221;][et_pb_column type=&#8221;1_2&#8243; _builder_version=&#8221;4.16&#8243; custom_padding=&#8221;|5px||5px|false|false&#8221; global_colors_info=&#8221;{}&#8221;][et_pb_blurb image=&#8221;https:\/\/semeandoagua.ipe.org.br\/wp-content\/uploads\/2020\/02\/funcionarios-empresas-sistema-cantareira.jpg&#8221; admin_label=&#8221;Foto empresas&#8221; _builder_version=&#8221;4.16&#8243; body_text_color=&#8221;#7a7a7a&#8221; body_font_size=&#8221;12px&#8221; body_line_height=&#8221;1.5em&#8221; custom_padding=&#8221;||||false|false&#8221; global_colors_info=&#8221;{}&#8221;]<\/p>\n<p><em>Funcion\u00e1rios de empresas das regi\u00f5es provedora e beneficiada pela \u00e1gua do Sistema Cantareira realizam plantio de agrofloresta em propriedade rural<br \/>Cr\u00e9dito: Ilana Bar\/ Est\u00fadio Garagem<\/em><\/p>\n<p>[\/et_pb_blurb][\/et_pb_column][et_pb_column type=&#8221;1_2&#8243; _builder_version=&#8221;4.16&#8243; custom_padding=&#8221;|5px||5px|false|false&#8221; global_colors_info=&#8221;{}&#8221;][et_pb_blurb image=&#8221;https:\/\/semeandoagua.ipe.org.br\/wp-content\/uploads\/2020\/02\/06_ila_190605_0753.jpg&#8221; admin_label=&#8221;Foto empresas&#8221; _builder_version=&#8221;4.16&#8243; body_text_color=&#8221;#7a7a7a&#8221; body_font_size=&#8221;12px&#8221; body_line_height=&#8221;1.5em&#8221; custom_padding=&#8221;||||false|false&#8221; global_colors_info=&#8221;{}&#8221;]<\/p>\n<p><em>Funcion\u00e1rios de empresa beneficiada pelo Sistema Cantareira e crian\u00e7as que vivem na regi\u00e3o provedora de \u00e1gua realizam plantio em \u00c1rea de Preserva\u00e7\u00e3o Permanente pr\u00f3xima ao reservat\u00f3rio Atibainha, em Nazar\u00e9 Paulista (SP)<br \/>Cr\u00e9dito: Ilana Bar\/ Est\u00fadio Garagem<\/em><\/p>\n<p>[\/et_pb_blurb][\/et_pb_column][\/et_pb_row][\/et_pb_section]<\/p>\n","protected":false},"excerpt":{"rendered":"<p>E se voc\u00ea pudesse contar uma nova hist\u00f3ria? Que a empresa em que voc\u00ea trabalha tamb\u00e9m contribui para a seguran\u00e7a h\u00eddrica do Sistema Cantareira?Reservat\u00f3rio Atibainha, em Nazar\u00e9 Paulista (SP), um dos cinco que formam o Sistema Cantareira \u00a0A \u00e1gua do Sistema Cantareira n\u00e3o \u00e9 exclusiva para o abastecimento da popula\u00e7\u00e3o nas resid\u00eancias. Empresas de diversos [&hellip;]<\/p>\n","protected":false},"author":1,"featured_media":0,"parent":327,"menu_order":3,"comment_status":"closed","ping_status":"closed","template":"","meta":{"_et_pb_use_builder":"on","_et_pb_old_content":"","_et_gb_content_width":"","footnotes":""},"class_list":["post-368","page","type-page","status-publish","hentry"],"yoast_head":"<!-- This site is optimized with the Yoast SEO plugin v26.6 - https:\/\/yoast.com\/wordpress\/plugins\/seo\/ -->\n<title>As empresas podem fazer muito pela \u00e1gua. Participe! - Semeando \u00c1gua<\/title>\n<meta name=\"robots\" content=\"index, follow, max-snippet:-1, max-image-preview:large, max-video-preview:-1\" \/>\n<link rel=\"canonical\" href=\"https:\/\/semeandoagua.ipe.org.br\/en\/faca-parte\/empresas\/\" \/>\n<meta property=\"og:locale\" content=\"en_US\" \/>\n<meta property=\"og:type\" content=\"article\" \/>\n<meta property=\"og:title\" content=\"As empresas podem fazer muito pela \u00e1gua. Participe! - Semeando \u00c1gua\" \/>\n<meta property=\"og:description\" content=\"E se voc\u00ea pudesse contar uma nova hist\u00f3ria? Que a empresa em que voc\u00ea trabalha tamb\u00e9m contribui para a seguran\u00e7a h\u00eddrica do Sistema Cantareira?Reservat\u00f3rio Atibainha, em Nazar\u00e9 Paulista (SP), um dos cinco que formam o Sistema Cantareira \u00a0A \u00e1gua do Sistema Cantareira n\u00e3o \u00e9 exclusiva para o abastecimento da popula\u00e7\u00e3o nas resid\u00eancias. Empresas de diversos [&hellip;]\" \/>\n<meta property=\"og:url\" content=\"https:\/\/semeandoagua.ipe.org.br\/en\/faca-parte\/empresas\/\" \/>\n<meta property=\"og:site_name\" content=\"Semeando \u00c1gua\" \/>\n<meta property=\"article:publisher\" content=\"https:\/\/www.facebook.com\/ipe.instituto.pesquisas.ecologicas\" \/>\n<meta property=\"article:modified_time\" content=\"2024-03-07T19:45:44+00:00\" \/>\n<meta property=\"og:image\" content=\"https:\/\/semeandoagua.ipe.org.br\/wp-content\/uploads\/2020\/03\/arquivos_divulgacao_cantareira_empresas_facebook.jpg\" \/>\n\t<meta property=\"og:image:width\" content=\"1200\" \/>\n\t<meta property=\"og:image:height\" content=\"627\" \/>\n\t<meta property=\"og:image:type\" content=\"image\/jpeg\" \/>\n<meta name=\"twitter:card\" content=\"summary_large_image\" \/>\n<meta name=\"twitter:site\" content=\"@InstitutoIPE\" \/>\n<meta name=\"twitter:label1\" content=\"Est. reading time\" \/>\n\t<meta name=\"twitter:data1\" content=\"3 minutes\" \/>\n<script type=\"application\/ld+json\" class=\"yoast-schema-graph\">{\"@context\":\"https:\/\/schema.org\",\"@graph\":[{\"@type\":\"WebPage\",\"@id\":\"https:\/\/semeandoagua.ipe.org.br\/faca-parte\/empresas\/\",\"url\":\"https:\/\/semeandoagua.ipe.org.br\/faca-parte\/empresas\/\",\"name\":\"As empresas podem fazer muito pela \u00e1gua. Participe! - Semeando \u00c1gua\",\"isPartOf\":{\"@id\":\"https:\/\/semeandoagua.ipe.org.br\/#website\"},\"datePublished\":\"2020-02-05T19:39:44+00:00\",\"dateModified\":\"2024-03-07T19:45:44+00:00\",\"breadcrumb\":{\"@id\":\"https:\/\/semeandoagua.ipe.org.br\/faca-parte\/empresas\/#breadcrumb\"},\"inLanguage\":\"en-US\",\"potentialAction\":[{\"@type\":\"ReadAction\",\"target\":[\"https:\/\/semeandoagua.ipe.org.br\/faca-parte\/empresas\/\"]}]},{\"@type\":\"BreadcrumbList\",\"@id\":\"https:\/\/semeandoagua.ipe.org.br\/faca-parte\/empresas\/#breadcrumb\",\"itemListElement\":[{\"@type\":\"ListItem\",\"position\":1,\"name\":\"In\u00edcio\",\"item\":\"https:\/\/semeandoagua.ipe.org.br\/\"},{\"@type\":\"ListItem\",\"position\":2,\"name\":\"Fa\u00e7a parte\",\"item\":\"https:\/\/semeandoagua.ipe.org.br\/faca-parte\/\"},{\"@type\":\"ListItem\",\"position\":3,\"name\":\"As empresas podem fazer muito pela \u00e1gua. Participe!\"}]},{\"@type\":\"WebSite\",\"@id\":\"https:\/\/semeandoagua.ipe.org.br\/#website\",\"url\":\"https:\/\/semeandoagua.ipe.org.br\/\",\"name\":\"Semeando \u00c1gua\",\"description\":\"A\u00e7\u00f5es do IP\u00ca no Sistema Cantareira\",\"publisher\":{\"@id\":\"https:\/\/semeandoagua.ipe.org.br\/#organization\"},\"potentialAction\":[{\"@type\":\"SearchAction\",\"target\":{\"@type\":\"EntryPoint\",\"urlTemplate\":\"https:\/\/semeandoagua.ipe.org.br\/?s={search_term_string}\"},\"query-input\":{\"@type\":\"PropertyValueSpecification\",\"valueRequired\":true,\"valueName\":\"search_term_string\"}}],\"inLanguage\":\"en-US\"},{\"@type\":\"Organization\",\"@id\":\"https:\/\/semeandoagua.ipe.org.br\/#organization\",\"name\":\"IP\u00ca \u2013 Instituto de Pesquisas Ecol\u00f3gicas\",\"url\":\"https:\/\/semeandoagua.ipe.org.br\/\",\"logo\":{\"@type\":\"ImageObject\",\"inLanguage\":\"en-US\",\"@id\":\"https:\/\/semeandoagua.ipe.org.br\/#\/schema\/logo\/image\/\",\"url\":\"https:\/\/semeandoagua.ipe.org.br\/wp-content\/uploads\/2020\/02\/ipe-projeto-semeando-agua.jpg\",\"contentUrl\":\"https:\/\/semeandoagua.ipe.org.br\/wp-content\/uploads\/2020\/02\/ipe-projeto-semeando-agua.jpg\",\"width\":419,\"height\":200,\"caption\":\"IP\u00ca \u2013 Instituto de Pesquisas Ecol\u00f3gicas\"},\"image\":{\"@id\":\"https:\/\/semeandoagua.ipe.org.br\/#\/schema\/logo\/image\/\"},\"sameAs\":[\"https:\/\/www.facebook.com\/ipe.instituto.pesquisas.ecologicas\",\"https:\/\/x.com\/InstitutoIPE\",\"https:\/\/www.instagram.com\/institutoipe\/\",\"https:\/\/www.linkedin.com\/company\/3067596\",\"https:\/\/www.youtube.com\/channel\/UCxsLeAueuL-eMIJy6qif9_g\/\"]}]}<\/script>\n<!-- \/ Yoast SEO plugin. -->","yoast_head_json":{"title":"As empresas podem fazer muito pela \u00e1gua. Participe! - Semeando \u00c1gua","robots":{"index":"index","follow":"follow","max-snippet":"max-snippet:-1","max-image-preview":"max-image-preview:large","max-video-preview":"max-video-preview:-1"},"canonical":"https:\/\/semeandoagua.ipe.org.br\/en\/faca-parte\/empresas\/","og_locale":"en_US","og_type":"article","og_title":"As empresas podem fazer muito pela \u00e1gua. Participe! - Semeando \u00c1gua","og_description":"E se voc\u00ea pudesse contar uma nova hist\u00f3ria? Que a empresa em que voc\u00ea trabalha tamb\u00e9m contribui para a seguran\u00e7a h\u00eddrica do Sistema Cantareira?Reservat\u00f3rio Atibainha, em Nazar\u00e9 Paulista (SP), um dos cinco que formam o Sistema Cantareira \u00a0A \u00e1gua do Sistema Cantareira n\u00e3o \u00e9 exclusiva para o abastecimento da popula\u00e7\u00e3o nas resid\u00eancias. Empresas de diversos [&hellip;]","og_url":"https:\/\/semeandoagua.ipe.org.br\/en\/faca-parte\/empresas\/","og_site_name":"Semeando \u00c1gua","article_publisher":"https:\/\/www.facebook.com\/ipe.instituto.pesquisas.ecologicas","article_modified_time":"2024-03-07T19:45:44+00:00","og_image":[{"width":1200,"height":627,"url":"https:\/\/semeandoagua.ipe.org.br\/wp-content\/uploads\/2020\/03\/arquivos_divulgacao_cantareira_empresas_facebook.jpg","type":"image\/jpeg"}],"twitter_card":"summary_large_image","twitter_site":"@InstitutoIPE","twitter_misc":{"Est. reading time":"3 minutes"},"schema":{"@context":"https:\/\/schema.org","@graph":[{"@type":"WebPage","@id":"https:\/\/semeandoagua.ipe.org.br\/faca-parte\/empresas\/","url":"https:\/\/semeandoagua.ipe.org.br\/faca-parte\/empresas\/","name":"As empresas podem fazer muito pela \u00e1gua. Participe! - Semeando \u00c1gua","isPartOf":{"@id":"https:\/\/semeandoagua.ipe.org.br\/#website"},"datePublished":"2020-02-05T19:39:44+00:00","dateModified":"2024-03-07T19:45:44+00:00","breadcrumb":{"@id":"https:\/\/semeandoagua.ipe.org.br\/faca-parte\/empresas\/#breadcrumb"},"inLanguage":"en-US","potentialAction":[{"@type":"ReadAction","target":["https:\/\/semeandoagua.ipe.org.br\/faca-parte\/empresas\/"]}]},{"@type":"BreadcrumbList","@id":"https:\/\/semeandoagua.ipe.org.br\/faca-parte\/empresas\/#breadcrumb","itemListElement":[{"@type":"ListItem","position":1,"name":"In\u00edcio","item":"https:\/\/semeandoagua.ipe.org.br\/"},{"@type":"ListItem","position":2,"name":"Fa\u00e7a parte","item":"https:\/\/semeandoagua.ipe.org.br\/faca-parte\/"},{"@type":"ListItem","position":3,"name":"As empresas podem fazer muito pela \u00e1gua. Participe!"}]},{"@type":"WebSite","@id":"https:\/\/semeandoagua.ipe.org.br\/#website","url":"https:\/\/semeandoagua.ipe.org.br\/","name":"Semeando \u00c1gua","description":"A\u00e7\u00f5es do IP\u00ca no Sistema Cantareira","publisher":{"@id":"https:\/\/semeandoagua.ipe.org.br\/#organization"},"potentialAction":[{"@type":"SearchAction","target":{"@type":"EntryPoint","urlTemplate":"https:\/\/semeandoagua.ipe.org.br\/?s={search_term_string}"},"query-input":{"@type":"PropertyValueSpecification","valueRequired":true,"valueName":"search_term_string"}}],"inLanguage":"en-US"},{"@type":"Organization","@id":"https:\/\/semeandoagua.ipe.org.br\/#organization","name":"IP\u00ca \u2013 Instituto de Pesquisas Ecol\u00f3gicas","url":"https:\/\/semeandoagua.ipe.org.br\/","logo":{"@type":"ImageObject","inLanguage":"en-US","@id":"https:\/\/semeandoagua.ipe.org.br\/#\/schema\/logo\/image\/","url":"https:\/\/semeandoagua.ipe.org.br\/wp-content\/uploads\/2020\/02\/ipe-projeto-semeando-agua.jpg","contentUrl":"https:\/\/semeandoagua.ipe.org.br\/wp-content\/uploads\/2020\/02\/ipe-projeto-semeando-agua.jpg","width":419,"height":200,"caption":"IP\u00ca \u2013 Instituto de Pesquisas Ecol\u00f3gicas"},"image":{"@id":"https:\/\/semeandoagua.ipe.org.br\/#\/schema\/logo\/image\/"},"sameAs":["https:\/\/www.facebook.com\/ipe.instituto.pesquisas.ecologicas","https:\/\/x.com\/InstitutoIPE","https:\/\/www.instagram.com\/institutoipe\/","https:\/\/www.linkedin.com\/company\/3067596","https:\/\/www.youtube.com\/channel\/UCxsLeAueuL-eMIJy6qif9_g\/"]}]}},"_links":{"self":[{"href":"https:\/\/semeandoagua.ipe.org.br\/en\/wp-json\/wp\/v2\/pages\/368","targetHints":{"allow":["GET"]}}],"collection":[{"href":"https:\/\/semeandoagua.ipe.org.br\/en\/wp-json\/wp\/v2\/pages"}],"about":[{"href":"https:\/\/semeandoagua.ipe.org.br\/en\/wp-json\/wp\/v2\/types\/page"}],"author":[{"embeddable":true,"href":"https:\/\/semeandoagua.ipe.org.br\/en\/wp-json\/wp\/v2\/users\/1"}],"replies":[{"embeddable":true,"href":"https:\/\/semeandoagua.ipe.org.br\/en\/wp-json\/wp\/v2\/comments?post=368"}],"version-history":[{"count":12,"href":"https:\/\/semeandoagua.ipe.org.br\/en\/wp-json\/wp\/v2\/pages\/368\/revisions"}],"predecessor-version":[{"id":42122,"href":"https:\/\/semeandoagua.ipe.org.br\/en\/wp-json\/wp\/v2\/pages\/368\/revisions\/42122"}],"up":[{"embeddable":true,"href":"https:\/\/semeandoagua.ipe.org.br\/en\/wp-json\/wp\/v2\/pages\/327"}],"wp:attachment":[{"href":"https:\/\/semeandoagua.ipe.org.br\/en\/wp-json\/wp\/v2\/media?parent=368"}],"curies":[{"name":"wp","href":"https:\/\/api.w.org\/{rel}","templated":true}]}}