{"id":43005,"date":"2023-12-04T09:18:11","date_gmt":"2023-12-04T12:18:11","guid":{"rendered":"https:\/\/semeandoagua.ipe.org.br\/?page_id=41189"},"modified":"2025-10-27T09:42:39","modified_gmt":"2025-10-27T12:42:39","slug":"participe-2","status":"publish","type":"page","link":"https:\/\/semeandoagua.ipe.org.br\/en\/participe-2\/","title":{"rendered":"Participe"},"content":{"rendered":"<p>[et_pb_section fb_built=&#8221;1&#8243; _builder_version=&#8221;4.16&#8243; global_colors_info=&#8221;{}&#8221;][et_pb_row _builder_version=&#8221;4.16&#8243; background_size=&#8221;initial&#8221; background_position=&#8221;top_left&#8221; background_repeat=&#8221;repeat&#8221; global_colors_info=&#8221;{}&#8221;][et_pb_column type=&#8221;4_4&#8243; _builder_version=&#8221;4.16&#8243; custom_padding=&#8221;|||&#8221; global_colors_info=&#8221;{}&#8221; custom_padding__hover=&#8221;|||&#8221;][et_pb_text _builder_version=&#8221;4.23.1&#8243; background_size=&#8221;initial&#8221; background_position=&#8221;top_left&#8221; background_repeat=&#8221;repeat&#8221; global_colors_info=&#8221;{}&#8221;]<\/p>\n<p>&nbsp;<\/p>\n<h1><strong>Seja um Semeador de \u00c1gua!<\/strong><span data-contrast=\"auto\"><\/span><\/h1>\n<p><span data-contrast=\"auto\"><\/span><\/p>\n<p><span data-contrast=\"auto\">O Programa Semeando \u00c1gua\u00a0<\/span><span data-contrast=\"auto\">fornece apoio t\u00e9cnico, materiais e insumos \u00e0 propriedades rurais. O objetivo \u00e9 apoiar propriedades, melhorando sua produtividade, para que possam <strong>fortalecer a seguran\u00e7a h\u00eddrica<\/strong> do Sistema Cantareira, que abastece mais de 9 milh\u00f5es de pessoas. Fazemos isso atrav\u00e9s de:<\/span><\/p>\n<ul>\n<li><span>R<\/span><span>eflorestamento de \u00e1reas pr\u00f3ximas a nascentes, rios e represas;<\/span><span>\u00a0<\/span><\/li>\n<\/ul>\n<ul>\n<li><span>A<\/span><span>poio \u00e0 implementa\u00e7\u00e3o de boas pr\u00e1ticas para a conserva\u00e7\u00e3o de \u00e1gua e solo;<\/span><span>\u00a0<\/span><\/li>\n<\/ul>\n<ul>\n<li><span>A<\/span><span>primoramento t\u00e9cnico de produtores rurais, visando uma produ\u00e7\u00e3o mais sustent\u00e1vel e rent\u00e1vel.<\/span><span>\u00a0<\/span><\/li>\n<\/ul>\n<h1><strong><\/strong><\/h1>\n<p><span data-contrast=\"auto\"><strong>Voc\u00ea tamb\u00e9m pode semear \u00e1gua ao realizar o planejamento e adequa\u00e7\u00e3o ambiental de sua propriedade!<\/strong><\/span><\/p>\n<p><strong><\/strong><\/p>\n<p><strong><\/strong><\/p>\n<p>[\/et_pb_text][et_pb_image src=&#8221;https:\/\/semeandoagua.ipe.org.br\/wp-content\/uploads\/2025\/09\/propriedade-real-x-ideal-recortada.png&#8221; title_text=&#8221;propriedade real x ideal recortada&#8221; align=&#8221;center&#8221; _builder_version=&#8221;4.23.1&#8243; _module_preset=&#8221;default&#8221; global_colors_info=&#8221;{}&#8221;][\/et_pb_image][et_pb_text _builder_version=&#8221;4.23.1&#8243; _module_preset=&#8221;default&#8221; global_colors_info=&#8221;{}&#8221;]<\/p>\n<h3><\/h3>\n<h3><strong><\/strong><\/h3>\n<h3><strong><\/strong><\/h3>\n<h3><strong>Como funciona?<\/strong><\/h3>\n<p><span><strong>ETAPA 1: <\/strong>Cadastramento atrav\u00e9s do formul\u00e1rio abaixo<\/span><\/p>\n<p><span>Selecionaremos os propriet\u00e1rios rurais que est\u00e3o dentro dos limites da \u00e1rea de atua\u00e7\u00e3o do programa e se mostrarem engajados e comprometidos com as etapas seguintes.\u00a0\u00a0<\/span><\/p>\n<p><strong>ETAPA 2:<\/strong> Diagn\u00f3stico<span><\/span><\/p>\n<p><span>Ap\u00f3s a sele\u00e7\u00e3o s<\/span>er\u00e1 realizada uma visita a propriedade e o mapeamento atrav\u00e9s de imagens de drone para a etapa de planejamento. \u00c9 nesse momento que a equipe t\u00e9cnica conhece as caracter\u00edsticas produtivas e ambientais da propriedade e conversa com o propriet\u00e1rio sobre suas expectativas e potencialidades.<\/p>\n<p><strong>ETAPA 3:<\/strong> Planejamento Participativo<\/p>\n<p>A partir do mapa da propriedade \u00e9 criado um zoneamento junto aos propriet\u00e1rios, dividindo \u00e1reas de produ\u00e7\u00e3o, moradia, \u00e1reas a serem cercadas, reflorestadas e protegidas. Nessa etapa \u00e9<span>\u00a0elaborado um termo de parceria que estabelece as responsabilidades do Programa e do Propriet\u00e1rio.<\/span><\/p>\n<p><strong>ETAPA 4:<\/strong> Implanta\u00e7\u00e3o<\/p>\n<p>Ap\u00f3s a finaliza\u00e7\u00e3o do planejamento ser\u00e1 criado um cronograma de implanta\u00e7\u00e3o. A orienta\u00e7\u00e3o, assist\u00eancia t\u00e9cnica, materiais, mudas e sementes ser\u00e3o fornecidas pelo Programa Semeando \u00c1gua. As responsabilidades do Programa e do Propriet\u00e1rio estar\u00e3o descritas no termo de parceria.<\/p>\n<p><strong>ETAPA 5:<\/strong> Monitoramento<\/p>\n<p>A equipe t\u00e9cnica combinar\u00e1 um cronograma de visitas para acompanhar fase de implanta\u00e7\u00e3o e o desenvolvimento das a\u00e7\u00f5es planejadas, assim como o sucesso dos plantios.<\/p>\n<p>[\/et_pb_text][et_pb_image src=&#8221;https:\/\/semeandoagua.ipe.org.br\/wp-content\/uploads\/2025\/09\/planejamento-Gustavo-Elo.png&#8221; alt=&#8221;Planejamento Participativo de propriedades rurais&#8221; title_text=&#8221;planejamento Gustavo Elo&#8221; align=&#8221;center&#8221; _builder_version=&#8221;4.23.1&#8243; _module_preset=&#8221;default&#8221; global_colors_info=&#8221;{}&#8221;][\/et_pb_image][et_pb_image src=&#8221;https:\/\/semeandoagua.ipe.org.br\/wp-content\/uploads\/2025\/10\/Copia-de-Copia-de-Placas-P5.png&#8221; alt=&#8221;Mapa planejamento propriedade&#8221; title_text=&#8221;C\u00f3pia de C\u00f3pia de Placas P5&#8243; _builder_version=&#8221;4.23.1&#8243; _module_preset=&#8221;default&#8221; global_colors_info=&#8221;{}&#8221;][\/et_pb_image][et_pb_text _builder_version=&#8221;4.23.1&#8243; _module_preset=&#8221;default&#8221; global_colors_info=&#8221;{}&#8221;]<\/p>\n<h3><strong><\/strong><\/h3>\n<h3><strong><\/strong><\/h3>\n<h3><strong><\/strong><\/h3>\n<h3><strong><\/strong><\/h3>\n<h3><strong>Quem pode se candidatar?<\/strong><\/h3>\n<p><span><strong>Propriet\u00e1rios rurais, agricultores ou pecuaristas<\/strong> localizados nos seguintes munic\u00edpios:\u00a0<\/span><\/p>\n<p>S\u00e3o Paulo &#8211; Mairipor\u00e3, Nazar\u00e9 Paulista, Bragan\u00e7a Paulista, Piracaia e Joan\u00f3polis<\/p>\n<p>Minas Gerais &#8211; Camanducaia, Extrema e Itapeva<\/p>\n<p>[\/et_pb_text][et_pb_text _builder_version=&#8221;4.23.1&#8243; _module_preset=&#8221;default&#8221; global_colors_info=&#8221;{}&#8221;]<\/p>\n<h3><\/h3>\n<h3><strong><\/strong><\/h3>\n<h3><strong><\/strong><\/h3>\n<h3><strong>Benef\u00edcios:<\/strong><\/h3>\n<ul>\n<li>Mais \u00e1gua em sua propriedade;<span><b><\/b><\/span><\/li>\n<li>Menos eros\u00e3o;<\/li>\n<li>Melhora da qualidade e quantidade da produ\u00e7\u00e3o agropecu\u00e1ria;<\/li>\n<li>Redu\u00e7\u00e3o de custos com aduba\u00e7\u00e3o e alimenta\u00e7\u00e3o.<\/li>\n<\/ul>\n<h3><\/h3>\n<p>[\/et_pb_text][et_pb_text _builder_version=&#8221;4.23.1&#8243; _module_preset=&#8221;default&#8221; global_colors_info=&#8221;{}&#8221;]<\/p>\n<h3><strong><\/strong><\/h3>\n<h3><strong><\/strong><\/h3>\n<h3><strong><\/strong><\/h3>\n<h3><strong>O que s\u00e3o boas pr\u00e1ticas ?<\/strong><\/h3>\n<p>S\u00e3o t\u00e9cnicas para <span>cuidar da terra e da \u00e1gua para evitar a destrui\u00e7\u00e3o do solo<\/span>, como, por exemplo<span>\u00a0<\/span><\/p>\n<ul>\n<li><strong>Curvas de n\u00edvel:<\/strong> p<span>lantio em linhas transversais no morro, seguindo a altura igual, para segurar a \u00e1gua e evitar eros\u00e3o.<\/span><\/li>\n<li><strong>Rota\u00e7\u00e3o de culturas:<\/strong> t<span>rocar o tipo de planta cultivada no mesmo lugar a cada safra para o solo n\u00e3o ficar fraco.<\/span><\/li>\n<li><strong>Barraginhas:<\/strong> p<span>equenas barragens que captam \u00e1gua da chuva no terreno, infiltrando no solo e evitando enxurradas.<\/span><\/li>\n<li><strong>Aduba\u00e7\u00e3o verde:<\/strong> p<span>lantar esp\u00e9cies que, quando cortadas, viram adubo natural para enriquecer a terra.<\/span><\/li>\n<\/ul>\n<p>[\/et_pb_text][et_pb_text _builder_version=&#8221;4.23.1&#8243; _module_preset=&#8221;default&#8221; global_colors_info=&#8221;{}&#8221;]<\/p>\n<h3><strong><\/strong><\/h3>\n<h3><strong><\/strong><\/h3>\n<h3><strong><\/strong><\/h3>\n<h3><strong>Quais s\u00e3o os principais Sistemas Produtivos incentivados pelo Programa?<\/strong><\/h3>\n<ul>\n<li><strong>Florestas Multifuncionais:<\/strong> Florestas pensadas para a produ\u00e7\u00e3o<span class=\"a_GcMg font-feature-liga-off font-feature-clig-off font-feature-calt-off text-decoration-none text-strikethrough-none\"> de <\/span><span class=\"a_GcMg font-feature-liga-off font-feature-clig-off font-feature-calt-off text-decoration-none text-strikethrough-none\">madeira, \u00f3leos essenciais, frutos, resina, ra\u00edzes, sementes ou mel<\/span><span class=\"a_GcMg font-feature-liga-off font-feature-clig-off font-feature-calt-off text-decoration-none text-strikethrough-none\">.<\/span><\/li>\n<li><strong>Sistemas Agroflorestais:<\/strong> s<span class=\"a_GcMg font-feature-liga-off font-feature-clig-off font-feature-calt-off text-decoration-none text-strikethrough-none\">istema que concilia o plantio de \u00e1rvores (frut\u00edferas ou n\u00e3o) e cultivos agr\u00edcolas, proporcionando colheiras de ciclo curto, m\u00e9dio e longo.<\/span><\/li>\n<li><strong>Manejo da Pastagem Ecol\u00f3gica:<\/strong> r<span class=\"a_GcMg font-feature-liga-off font-feature-clig-off font-feature-calt-off text-decoration-none text-strikethrough-none\">ota\u00e7\u00e3o dos animais em piquetes, inser\u00e7\u00e3o de \u00e1rvores (para a produ\u00e7\u00e3o de madeira ou frutas) e diversifica\u00e7\u00e3o de forrageiras na pastagem. Benef\u00edcios: maior fertilidade do solo, disponibilidade de alimentos e conforto t\u00e9rmico dos animais e menor incid\u00eancia de parasitas.<\/span><\/li>\n<li><strong>Silvicultura de esp\u00e9cies nativas da Mata Atl\u00e2ntica:<\/strong> p<span class=\"a_GcMg font-feature-liga-off font-feature-clig-off font-feature-calt-off text-decoration-none text-strikethrough-none\">lantio de esp\u00e9cies nativas da Mata Atl\u00e2ntica, para produ\u00e7\u00e3o de madeiras com maior valor de venda.<\/span><\/li>\n<\/ul>\n<h3><\/h3>\n<p>[\/et_pb_text][et_pb_text _builder_version=&#8221;4.23.1&#8243; _module_preset=&#8221;default&#8221; global_colors_info=&#8221;{}&#8221;]<\/p>\n<h3><strong><\/strong><\/h3>\n<h3><strong><\/strong><\/h3>\n<h3><strong><\/strong><\/h3>\n<h3><strong>Quer entrar para o Programa?<\/strong><\/h3>\n<p>Preencha o formul\u00e1rio abaixo! <span>As informa\u00e7\u00f5es <strong>ser\u00e3o analisadas pela equipe t\u00e9cnica<\/strong><\/span><span>, que ent<\/span><span>rar\u00e1 em contato sobre a <strong>sele\u00e7\u00e3o<\/strong> e etapas seguintes.\u00a0<\/span><span><\/span><\/p>\n<p><span>A participa\u00e7\u00e3o no programa \u00e9<b>\u00a0volunt\u00e1ria e\u00a0<\/b><\/span><span><b>gratuita<\/b><\/span><span>\u00a0e ser\u00e1 explicada com maiores detalhes atrav\u00e9s de termo de parceria.<\/span><span>\u00a0<\/span><span>\u00a0<\/span><\/p>\n<p>\u00a0<span>Se voc\u00ea tiver qualquer d\u00favida sobre o projeto ou precisar de ajuda para preencher o formul\u00e1rio, entre em contato conosco pelo telefone:\u00a0<b>(11) 97297-3516.<\/b><\/span><\/p>\n<p><span><b><\/b><\/span><\/p>\n<p><span><b><\/b><\/span><\/p>\n<h3><\/h3>\n<p>[\/et_pb_text][et_pb_button button_url=&#8221;https:\/\/forms.office.com\/Pages\/ResponsePage.aspx?id=YE5l6Cdg_0iFL_tdYajfi3EsVrMbOGhIlugDVz1hHB5UMTlNWVZJMjc4S01BTzhLQkREUFNSOVY4MiQlQCN0PWcu&#8221; button_text=&#8221;Inscreva-se&#8221; button_alignment=&#8221;center&#8221; _builder_version=&#8221;4.23.1&#8243; _module_preset=&#8221;default&#8221; global_colors_info=&#8221;{}&#8221;][\/et_pb_button][et_pb_text _builder_version=&#8221;4.23.1&#8243; _module_preset=&#8221;default&#8221; global_colors_info=&#8221;{}&#8221;]<\/p>\n<p>&nbsp;<\/p>\n<p>&nbsp;<\/p>\n<p>[\/et_pb_text][\/et_pb_column][\/et_pb_row][\/et_pb_section][et_pb_section fb_built=&#8221;1&#8243; fullwidth=&#8221;on&#8221; _builder_version=&#8221;4.23.1&#8243; _module_preset=&#8221;default&#8221; global_colors_info=&#8221;{}&#8221;][et_pb_fullwidth_image src=&#8221;https:\/\/semeandoagua.ipe.org.br\/wp-content\/uploads\/2025\/07\/Still-2025-06-12-115852_1.145.1-scaled.jpg&#8221; title_text=&#8221;Still 2025-06-12 115852_1.145.1&#8243; _builder_version=&#8221;4.23.1&#8243; _module_preset=&#8221;default&#8221; global_colors_info=&#8221;{}&#8221;][\/et_pb_fullwidth_image][\/et_pb_section]<\/p>\n","protected":false},"excerpt":{"rendered":"<p>&nbsp; Seja um Semeador de \u00c1gua! O Programa Semeando \u00c1gua\u00a0fornece apoio t\u00e9cnico, materiais e insumos \u00e0 propriedades rurais. O objetivo \u00e9 apoiar propriedades, melhorando sua produtividade, para que possam fortalecer a seguran\u00e7a h\u00eddrica do Sistema Cantareira, que abastece mais de 9 milh\u00f5es de pessoas. Fazemos isso atrav\u00e9s de: Reflorestamento de \u00e1reas pr\u00f3ximas a nascentes, rios [&hellip;]<\/p>\n","protected":false},"author":4,"featured_media":0,"parent":0,"menu_order":0,"comment_status":"closed","ping_status":"closed","template":"","meta":{"_et_pb_use_builder":"on","_et_pb_old_content":"<p><span data-contrast=\"auto\">Os <\/span><b><span data-contrast=\"auto\">Semeadores de \u00c1gua<\/span><\/b><span data-contrast=\"auto\"> s\u00e3o produtores rurais da regi\u00e3o do Sistema Cantareira parceiros do Programa o Semeando \u00c1gua.<\/span><span data-ccp-props=\"{\"201341983\":0,\"335559739\":160,\"335559740\":259}\">\u00a0<\/span><\/p><p><b><span data-contrast=\"auto\">Como caracter\u00edsticas que os unem e identificam, podemos dizer que seus sistemas produtivos s\u00e3o sustent\u00e1veis<\/span><\/b><span data-contrast=\"auto\">, seus solos f\u00e9rteis e perme\u00e1veis. Isso faz com que a <\/span><b><span data-contrast=\"auto\">\u00e1gua da chuva infiltre<\/span><\/b><span data-contrast=\"auto\">, ficando armazenada na terra e indo aos poucos para os reservat\u00f3rios, mantendo os n\u00edveis das represas mais est\u00e1veis durante o ano devido \u00e0 recarga h\u00eddrica.<\/span><span data-ccp-props=\"{\"201341983\":0,\"335559739\":160,\"335559740\":259}\">\u00a0<\/span><\/p><p><span data-contrast=\"auto\">Tamb\u00e9m semeiam \u00e1gua atrav\u00e9s da <\/span><b><span data-contrast=\"auto\">Restaura\u00e7\u00e3o Florestal<\/span><\/b><span data-contrast=\"auto\"> de suas nascentes, beiras de rio e reservat\u00f3rios, as <\/span><b><span data-contrast=\"auto\">\u00c1reas de Preserva\u00e7\u00e3o Permanente (APPs)<\/span><\/b><span data-contrast=\"auto\">. O cuidado com a terra traz de volta esp\u00e9cies da fauna e da flora nativas da Mata Atl\u00e2ntica, al\u00e9m possibilitar uma nova economia local, com base na bioeconomia. Essa \u00e9 a verdadeira sustentabilidade, que considera o trip\u00e9: ambiental, econ\u00f4mico e social.<\/span><span data-ccp-props=\"{\"201341983\":0,\"335559739\":160,\"335559740\":259}\">\u00a0<\/span><\/p><p><b><span data-contrast=\"auto\">Ao consumir seus produtos, voc\u00ea tamb\u00e9m est\u00e1 ajudando a proteger o Sistema Cantareira.<\/span><\/b><span data-ccp-props=\"{\"201341983\":0,\"335559739\":160,\"335559740\":259}\">\u00a0<\/span><\/p><p><span data-contrast=\"auto\">O planejamento das propriedades rurais \u00e9 realizado pelos propriet\u00e1rios em parceria com a equipe t\u00e9cnica do Programa Semeando \u00c1gua. A partir de imagens captadas por drones e visitas ao local \u00e9 realizado o mapeamento da \u00e1rea e<\/span><b><span data-contrast=\"auto\"> adequa\u00e7\u00e3o ambiental das propriedades considerando as diretrizes do C\u00f3digo Florestal.<\/span><\/b><span data-ccp-props=\"{\"201341983\":0,\"335559739\":160,\"335559740\":259}\">\u00a0<\/span><\/p><p><span data-contrast=\"auto\">Essas propriedades se tornam <\/span><b><span data-contrast=\"auto\">Unidades Demonstrativas<\/span><\/b><span data-contrast=\"auto\">, cujo objetivo \u00e9 inspirar outros produtores a adotarem pr\u00e1ticas sustent\u00e1veis. Nelas s\u00e3o realizadas as capacita\u00e7\u00f5es voltadas a produ\u00e7\u00e3o sustent\u00e1vel e quem participa pode ver na pr\u00e1tica as a\u00e7\u00f5es realizadas.<\/span><span data-ccp-props=\"{\"201341983\":0,\"335559739\":160,\"335559740\":259}\">\u00a0<\/span><\/p><p><span data-contrast=\"auto\"><strong>Voc\u00ea tamb\u00e9m pode semear \u00e1gua ao adquirir os produtos destes agricultores!\u00a0<\/strong><\/span><strong>\u00a0<\/strong><\/p>","_et_gb_content_width":"","footnotes":""},"class_list":["post-43005","page","type-page","status-publish","hentry"],"yoast_head":"<!-- This site is optimized with the Yoast SEO plugin v26.6 - https:\/\/yoast.com\/wordpress\/plugins\/seo\/ -->\n<title>Participe - Semeando \u00c1gua<\/title>\n<meta name=\"robots\" content=\"index, follow, max-snippet:-1, max-image-preview:large, max-video-preview:-1\" \/>\n<link rel=\"canonical\" href=\"https:\/\/semeandoagua.ipe.org.br\/en\/participe-2\/\" \/>\n<meta property=\"og:locale\" content=\"en_US\" \/>\n<meta property=\"og:type\" content=\"article\" \/>\n<meta property=\"og:title\" content=\"Participe - Semeando \u00c1gua\" \/>\n<meta property=\"og:description\" content=\"&nbsp; Seja um Semeador de \u00c1gua! O Programa Semeando \u00c1gua\u00a0fornece apoio t\u00e9cnico, materiais e insumos \u00e0 propriedades rurais. O objetivo \u00e9 apoiar propriedades, melhorando sua produtividade, para que possam fortalecer a seguran\u00e7a h\u00eddrica do Sistema Cantareira, que abastece mais de 9 milh\u00f5es de pessoas. Fazemos isso atrav\u00e9s de: Reflorestamento de \u00e1reas pr\u00f3ximas a nascentes, rios [&hellip;]\" \/>\n<meta property=\"og:url\" content=\"https:\/\/semeandoagua.ipe.org.br\/en\/participe-2\/\" \/>\n<meta property=\"og:site_name\" content=\"Semeando \u00c1gua\" \/>\n<meta property=\"article:publisher\" content=\"https:\/\/www.facebook.com\/ipe.instituto.pesquisas.ecologicas\" \/>\n<meta property=\"article:modified_time\" content=\"2025-10-27T12:42:39+00:00\" \/>\n<meta property=\"og:image\" content=\"https:\/\/semeandoagua.ipe.org.br\/wp-content\/uploads\/2020\/02\/ipe-projeto-semeando-agua.jpg\" \/>\n\t<meta property=\"og:image:width\" content=\"419\" \/>\n\t<meta property=\"og:image:height\" content=\"200\" \/>\n\t<meta property=\"og:image:type\" content=\"image\/jpeg\" \/>\n<meta name=\"twitter:card\" content=\"summary_large_image\" \/>\n<meta name=\"twitter:site\" content=\"@InstitutoIPE\" \/>\n<meta name=\"twitter:label1\" content=\"Est. reading time\" \/>\n\t<meta name=\"twitter:data1\" content=\"5 minutes\" \/>\n<script type=\"application\/ld+json\" class=\"yoast-schema-graph\">{\"@context\":\"https:\/\/schema.org\",\"@graph\":[{\"@type\":\"WebPage\",\"@id\":\"https:\/\/semeandoagua.ipe.org.br\/participe-2\/\",\"url\":\"https:\/\/semeandoagua.ipe.org.br\/participe-2\/\",\"name\":\"Participe - Semeando \u00c1gua\",\"isPartOf\":{\"@id\":\"https:\/\/semeandoagua.ipe.org.br\/#website\"},\"datePublished\":\"2023-12-04T12:18:11+00:00\",\"dateModified\":\"2025-10-27T12:42:39+00:00\",\"breadcrumb\":{\"@id\":\"https:\/\/semeandoagua.ipe.org.br\/participe-2\/#breadcrumb\"},\"inLanguage\":\"en-US\",\"potentialAction\":[{\"@type\":\"ReadAction\",\"target\":[\"https:\/\/semeandoagua.ipe.org.br\/participe-2\/\"]}]},{\"@type\":\"BreadcrumbList\",\"@id\":\"https:\/\/semeandoagua.ipe.org.br\/participe-2\/#breadcrumb\",\"itemListElement\":[{\"@type\":\"ListItem\",\"position\":1,\"name\":\"In\u00edcio\",\"item\":\"https:\/\/semeandoagua.ipe.org.br\/\"},{\"@type\":\"ListItem\",\"position\":2,\"name\":\"Participe\"}]},{\"@type\":\"WebSite\",\"@id\":\"https:\/\/semeandoagua.ipe.org.br\/#website\",\"url\":\"https:\/\/semeandoagua.ipe.org.br\/\",\"name\":\"Semeando \u00c1gua\",\"description\":\"A\u00e7\u00f5es do IP\u00ca no Sistema Cantareira\",\"publisher\":{\"@id\":\"https:\/\/semeandoagua.ipe.org.br\/#organization\"},\"potentialAction\":[{\"@type\":\"SearchAction\",\"target\":{\"@type\":\"EntryPoint\",\"urlTemplate\":\"https:\/\/semeandoagua.ipe.org.br\/?s={search_term_string}\"},\"query-input\":{\"@type\":\"PropertyValueSpecification\",\"valueRequired\":true,\"valueName\":\"search_term_string\"}}],\"inLanguage\":\"en-US\"},{\"@type\":\"Organization\",\"@id\":\"https:\/\/semeandoagua.ipe.org.br\/#organization\",\"name\":\"IP\u00ca \u2013 Instituto de Pesquisas Ecol\u00f3gicas\",\"url\":\"https:\/\/semeandoagua.ipe.org.br\/\",\"logo\":{\"@type\":\"ImageObject\",\"inLanguage\":\"en-US\",\"@id\":\"https:\/\/semeandoagua.ipe.org.br\/#\/schema\/logo\/image\/\",\"url\":\"https:\/\/semeandoagua.ipe.org.br\/wp-content\/uploads\/2020\/02\/ipe-projeto-semeando-agua.jpg\",\"contentUrl\":\"https:\/\/semeandoagua.ipe.org.br\/wp-content\/uploads\/2020\/02\/ipe-projeto-semeando-agua.jpg\",\"width\":419,\"height\":200,\"caption\":\"IP\u00ca \u2013 Instituto de Pesquisas Ecol\u00f3gicas\"},\"image\":{\"@id\":\"https:\/\/semeandoagua.ipe.org.br\/#\/schema\/logo\/image\/\"},\"sameAs\":[\"https:\/\/www.facebook.com\/ipe.instituto.pesquisas.ecologicas\",\"https:\/\/x.com\/InstitutoIPE\",\"https:\/\/www.instagram.com\/institutoipe\/\",\"https:\/\/www.linkedin.com\/company\/3067596\",\"https:\/\/www.youtube.com\/channel\/UCxsLeAueuL-eMIJy6qif9_g\/\"]}]}<\/script>\n<!-- \/ Yoast SEO plugin. -->","yoast_head_json":{"title":"Participe - Semeando \u00c1gua","robots":{"index":"index","follow":"follow","max-snippet":"max-snippet:-1","max-image-preview":"max-image-preview:large","max-video-preview":"max-video-preview:-1"},"canonical":"https:\/\/semeandoagua.ipe.org.br\/en\/participe-2\/","og_locale":"en_US","og_type":"article","og_title":"Participe - Semeando \u00c1gua","og_description":"&nbsp; Seja um Semeador de \u00c1gua! O Programa Semeando \u00c1gua\u00a0fornece apoio t\u00e9cnico, materiais e insumos \u00e0 propriedades rurais. O objetivo \u00e9 apoiar propriedades, melhorando sua produtividade, para que possam fortalecer a seguran\u00e7a h\u00eddrica do Sistema Cantareira, que abastece mais de 9 milh\u00f5es de pessoas. Fazemos isso atrav\u00e9s de: Reflorestamento de \u00e1reas pr\u00f3ximas a nascentes, rios [&hellip;]","og_url":"https:\/\/semeandoagua.ipe.org.br\/en\/participe-2\/","og_site_name":"Semeando \u00c1gua","article_publisher":"https:\/\/www.facebook.com\/ipe.instituto.pesquisas.ecologicas","article_modified_time":"2025-10-27T12:42:39+00:00","og_image":[{"width":419,"height":200,"url":"https:\/\/semeandoagua.ipe.org.br\/wp-content\/uploads\/2020\/02\/ipe-projeto-semeando-agua.jpg","type":"image\/jpeg"}],"twitter_card":"summary_large_image","twitter_site":"@InstitutoIPE","twitter_misc":{"Est. reading time":"5 minutes"},"schema":{"@context":"https:\/\/schema.org","@graph":[{"@type":"WebPage","@id":"https:\/\/semeandoagua.ipe.org.br\/participe-2\/","url":"https:\/\/semeandoagua.ipe.org.br\/participe-2\/","name":"Participe - Semeando \u00c1gua","isPartOf":{"@id":"https:\/\/semeandoagua.ipe.org.br\/#website"},"datePublished":"2023-12-04T12:18:11+00:00","dateModified":"2025-10-27T12:42:39+00:00","breadcrumb":{"@id":"https:\/\/semeandoagua.ipe.org.br\/participe-2\/#breadcrumb"},"inLanguage":"en-US","potentialAction":[{"@type":"ReadAction","target":["https:\/\/semeandoagua.ipe.org.br\/participe-2\/"]}]},{"@type":"BreadcrumbList","@id":"https:\/\/semeandoagua.ipe.org.br\/participe-2\/#breadcrumb","itemListElement":[{"@type":"ListItem","position":1,"name":"In\u00edcio","item":"https:\/\/semeandoagua.ipe.org.br\/"},{"@type":"ListItem","position":2,"name":"Participe"}]},{"@type":"WebSite","@id":"https:\/\/semeandoagua.ipe.org.br\/#website","url":"https:\/\/semeandoagua.ipe.org.br\/","name":"Semeando \u00c1gua","description":"A\u00e7\u00f5es do IP\u00ca no Sistema Cantareira","publisher":{"@id":"https:\/\/semeandoagua.ipe.org.br\/#organization"},"potentialAction":[{"@type":"SearchAction","target":{"@type":"EntryPoint","urlTemplate":"https:\/\/semeandoagua.ipe.org.br\/?s={search_term_string}"},"query-input":{"@type":"PropertyValueSpecification","valueRequired":true,"valueName":"search_term_string"}}],"inLanguage":"en-US"},{"@type":"Organization","@id":"https:\/\/semeandoagua.ipe.org.br\/#organization","name":"IP\u00ca \u2013 Instituto de Pesquisas Ecol\u00f3gicas","url":"https:\/\/semeandoagua.ipe.org.br\/","logo":{"@type":"ImageObject","inLanguage":"en-US","@id":"https:\/\/semeandoagua.ipe.org.br\/#\/schema\/logo\/image\/","url":"https:\/\/semeandoagua.ipe.org.br\/wp-content\/uploads\/2020\/02\/ipe-projeto-semeando-agua.jpg","contentUrl":"https:\/\/semeandoagua.ipe.org.br\/wp-content\/uploads\/2020\/02\/ipe-projeto-semeando-agua.jpg","width":419,"height":200,"caption":"IP\u00ca \u2013 Instituto de Pesquisas Ecol\u00f3gicas"},"image":{"@id":"https:\/\/semeandoagua.ipe.org.br\/#\/schema\/logo\/image\/"},"sameAs":["https:\/\/www.facebook.com\/ipe.instituto.pesquisas.ecologicas","https:\/\/x.com\/InstitutoIPE","https:\/\/www.instagram.com\/institutoipe\/","https:\/\/www.linkedin.com\/company\/3067596","https:\/\/www.youtube.com\/channel\/UCxsLeAueuL-eMIJy6qif9_g\/"]}]}},"_links":{"self":[{"href":"https:\/\/semeandoagua.ipe.org.br\/en\/wp-json\/wp\/v2\/pages\/43005","targetHints":{"allow":["GET"]}}],"collection":[{"href":"https:\/\/semeandoagua.ipe.org.br\/en\/wp-json\/wp\/v2\/pages"}],"about":[{"href":"https:\/\/semeandoagua.ipe.org.br\/en\/wp-json\/wp\/v2\/types\/page"}],"author":[{"embeddable":true,"href":"https:\/\/semeandoagua.ipe.org.br\/en\/wp-json\/wp\/v2\/users\/4"}],"replies":[{"embeddable":true,"href":"https:\/\/semeandoagua.ipe.org.br\/en\/wp-json\/wp\/v2\/comments?post=43005"}],"version-history":[{"count":3,"href":"https:\/\/semeandoagua.ipe.org.br\/en\/wp-json\/wp\/v2\/pages\/43005\/revisions"}],"predecessor-version":[{"id":43036,"href":"https:\/\/semeandoagua.ipe.org.br\/en\/wp-json\/wp\/v2\/pages\/43005\/revisions\/43036"}],"wp:attachment":[{"href":"https:\/\/semeandoagua.ipe.org.br\/en\/wp-json\/wp\/v2\/media?parent=43005"}],"curies":[{"name":"wp","href":"https:\/\/api.w.org\/{rel}","templated":true}]}}